{"id":1306,"date":"2024-06-12T08:46:50","date_gmt":"2024-06-12T08:46:50","guid":{"rendered":"https:\/\/elated-clarke.137-74-93-36.plesk.page\/?page_id=1306"},"modified":"2024-06-12T08:50:56","modified_gmt":"2024-06-12T08:50:56","slug":"aviso-legal","status":"publish","type":"page","link":"https:\/\/www.isabelroyan.com\/eng\/aviso-legal\/","title":{"rendered":"Legal Notice"},"content":{"rendered":"<div data-elementor-type=\"wp-page\" data-elementor-id=\"1306\" class=\"elementor elementor-1306\" data-elementor-post-type=\"page\">\n\t\t\t\t<div class=\"elementor-element elementor-element-a9c03d8 e-flex e-con-boxed e-con e-parent\" data-id=\"a9c03d8\" data-element_type=\"container\">\n\t\t\t\t\t<div class=\"e-con-inner\">\n\t\t\t\t<div class=\"elementor-element elementor-element-426be7fe elementor-widget elementor-widget-text-editor\" data-id=\"426be7fe\" data-element_type=\"widget\" data-widget_type=\"text-editor.default\">\n\t\t\t\t<div class=\"elementor-widget-container\">\n\t\t\t\t\t\t\t\t\t\n<h2 class=\"wp-block-heading\">Legal Notice<\/h2>\n\n<p><span style=\"font-weight: 400;\">La presente web es gestionada por Isabel Roy\u00e1n, con correo electr\u00f3nico de contacto <\/span><span style=\"font-weight: 400;\">info@isabelroyan.com<\/span><\/p>\n<p><span style=\"font-weight: 400;\">Propiedad intelectual e industrial<\/span><\/p>\n<p><span style=\"font-weight: 400;\">El dise\u00f1o del portal y sus c\u00f3digos fuente, as\u00ed como todos los textos, im\u00e1genes, gr\u00e1ficos, archivos de sonido, archivos de animaci\u00f3n, archivos de v\u00eddeo y su instalaci\u00f3n en esta web est\u00e1n sujetos a derecho de copia y a otros tipos de protecci\u00f3n de la propiedad intelectual e industrial.<\/span><\/p>\n<p><span style=\"font-weight: 400;\">Responsabilidad de los contenidos<\/span><\/p>\n<p><span style=\"font-weight: 400;\">Isabel Roy\u00e1n no se hace responsable de la legalidad de otros sitios web de terceros desde los que pueda accederse al portal. Tampoco responde por la legalidad de otros sitios web de terceros, que pudieran estar vinculados o enlazados desde este portal.<\/span><\/p>\n<p><span style=\"font-weight: 400;\">Isabel Roy\u00e1n se reserva el derecho a realizar cambios en el sitio web sin previo aviso, al objeto de mantener actualizada su informaci\u00f3n, a\u00f1adiendo, modificando, corrigiendo o eliminando los contenidos publicados o el dise\u00f1o del portal.<\/span><\/p>\n<p><span style=\"font-weight: 400;\">Isabel Roy\u00e1n no ser\u00e1 responsable del uso que terceros hagan de la informaci\u00f3n publicada en el portal, ni tampoco de los da\u00f1os sufridos o p\u00e9rdidas econ\u00f3micas que, de forma directa o indirecta, produzcan o puedan producir perjuicios econ\u00f3micos, materiales o sobre datos, provocados por el uso de dicha informaci\u00f3n.<\/span><\/p>\n<p><span style=\"font-weight: 400;\">Reproducci\u00f3n de contenidos<\/span><\/p>\n<p><span style=\"font-weight: 400;\">Queda prohibida la copia para uso comercial o distribuci\u00f3n, tambi\u00e9n queda prohibida la modificaci\u00f3n en otros sitios. Este sitio tambi\u00e9n podr\u00eda contener im\u00e1genes que est\u00e1n sujetas al derecho de copia de terceros.<\/span><\/p>\n<p><span style=\"font-weight: 400;\">Ley aplicable<\/span><\/p>\n<p><span style=\"font-weight: 400;\">La ley aplicable en caso de disputa o conflicto de interpretaci\u00f3n de los t\u00e9rminos que conforman este aviso legal, as\u00ed como cualquier cuesti\u00f3n relacionada con los servicios del presente portal, ser\u00e1 la ley espa\u00f1ola.<\/span><\/p>\n<p><br style=\"font-weight: 400;\" \/><br style=\"font-weight: 400;\" \/><\/p>\n\t\t\t\t\t\t\t\t<\/div>\n\t\t\t\t<\/div>\n\t\t\t\t\t<\/div>\n\t\t\t\t<\/div>\n\t\t\t\t<\/div>","protected":false},"excerpt":{"rendered":"<p>Aviso Legal La presente web es gestionada por Isabel Roy\u00e1n, con correo electr\u00f3nico de contacto info@isabelroyan.com Propiedad intelectual e industrial El dise\u00f1o del portal y sus c\u00f3digos fuente, as\u00ed como todos los textos, im\u00e1genes, gr\u00e1ficos, archivos de sonido, archivos de animaci\u00f3n, archivos de v\u00eddeo y su instalaci\u00f3n en esta web est\u00e1n sujetos a derecho de [&hellip;]<\/p>","protected":false},"author":1,"featured_media":0,"parent":0,"menu_order":0,"comment_status":"closed","ping_status":"closed","template":"","meta":{"_acf_changed":false,"footnotes":""},"class_list":["post-1306","page","type-page","status-publish","hentry"],"acf":[],"yoast_head":"<!-- This site is optimized with the Yoast SEO plugin v24.6 - https:\/\/yoast.com\/wordpress\/plugins\/seo\/ -->\n<title>Aviso Legal - Isabel Roy\u00e1n<\/title>\n<meta name=\"robots\" content=\"noindex, nofollow\" \/>\n<meta property=\"og:locale\" content=\"en_GB\" \/>\n<meta property=\"og:type\" content=\"article\" \/>\n<meta property=\"og:title\" content=\"Aviso Legal - Isabel Roy\u00e1n\" \/>\n<meta property=\"og:description\" content=\"Aviso Legal La presente web es gestionada por Isabel Roy\u00e1n, con correo electr\u00f3nico de contacto info@isabelroyan.com Propiedad intelectual e industrial El dise\u00f1o del portal y sus c\u00f3digos fuente, as\u00ed como todos los textos, im\u00e1genes, gr\u00e1ficos, archivos de sonido, archivos de animaci\u00f3n, archivos de v\u00eddeo y su instalaci\u00f3n en esta web est\u00e1n sujetos a derecho de [&hellip;]\" \/>\n<meta property=\"og:url\" content=\"https:\/\/www.isabelroyan.com\/eng\/aviso-legal\/\" \/>\n<meta property=\"og:site_name\" content=\"Isabel Roy\u00e1n\" \/>\n<meta property=\"article:modified_time\" content=\"2024-06-12T08:50:56+00:00\" \/>\n<meta name=\"twitter:card\" content=\"summary_large_image\" \/>\n<meta name=\"twitter:label1\" content=\"Estimated reading time\" \/>\n\t<meta name=\"twitter:data1\" content=\"2 minutes\" \/>\n<script type=\"application\/ld+json\" class=\"yoast-schema-graph\">{\"@context\":\"https:\/\/schema.org\",\"@graph\":[{\"@type\":\"WebPage\",\"@id\":\"https:\/\/www.isabelroyan.com\/aviso-legal\/\",\"url\":\"https:\/\/www.isabelroyan.com\/aviso-legal\/\",\"name\":\"Aviso Legal - Isabel Roy\u00e1n\",\"isPartOf\":{\"@id\":\"https:\/\/www.isabelroyan.com\/#website\"},\"datePublished\":\"2024-06-12T08:46:50+00:00\",\"dateModified\":\"2024-06-12T08:50:56+00:00\",\"breadcrumb\":{\"@id\":\"https:\/\/www.isabelroyan.com\/aviso-legal\/#breadcrumb\"},\"inLanguage\":\"en-GB\",\"potentialAction\":[{\"@type\":\"ReadAction\",\"target\":[\"https:\/\/www.isabelroyan.com\/aviso-legal\/\"]}]},{\"@type\":\"BreadcrumbList\",\"@id\":\"https:\/\/www.isabelroyan.com\/aviso-legal\/#breadcrumb\",\"itemListElement\":[{\"@type\":\"ListItem\",\"position\":1,\"name\":\"Portada\",\"item\":\"https:\/\/www.isabelroyan.com\/\"},{\"@type\":\"ListItem\",\"position\":2,\"name\":\"Aviso Legal\"}]},{\"@type\":\"WebSite\",\"@id\":\"https:\/\/www.isabelroyan.com\/#website\",\"url\":\"https:\/\/www.isabelroyan.com\/\",\"name\":\"Isabel Roy\u00e1n\",\"description\":\"\",\"potentialAction\":[{\"@type\":\"SearchAction\",\"target\":{\"@type\":\"EntryPoint\",\"urlTemplate\":\"https:\/\/www.isabelroyan.com\/?s={search_term_string}\"},\"query-input\":{\"@type\":\"PropertyValueSpecification\",\"valueRequired\":true,\"valueName\":\"search_term_string\"}}],\"inLanguage\":\"en-GB\"}]}<\/script>\n<!-- \/ Yoast SEO plugin. -->","yoast_head_json":{"title":"Aviso Legal - Isabel Roy\u00e1n","robots":{"index":"noindex","follow":"nofollow"},"og_locale":"en_GB","og_type":"article","og_title":"Aviso Legal - Isabel Roy\u00e1n","og_description":"Aviso Legal La presente web es gestionada por Isabel Roy\u00e1n, con correo electr\u00f3nico de contacto info@isabelroyan.com Propiedad intelectual e industrial El dise\u00f1o del portal y sus c\u00f3digos fuente, as\u00ed como todos los textos, im\u00e1genes, gr\u00e1ficos, archivos de sonido, archivos de animaci\u00f3n, archivos de v\u00eddeo y su instalaci\u00f3n en esta web est\u00e1n sujetos a derecho de [&hellip;]","og_url":"https:\/\/www.isabelroyan.com\/eng\/aviso-legal\/","og_site_name":"Isabel Roy\u00e1n","article_modified_time":"2024-06-12T08:50:56+00:00","twitter_card":"summary_large_image","twitter_misc":{"Estimated reading time":"2 minutes"},"schema":{"@context":"https:\/\/schema.org","@graph":[{"@type":"WebPage","@id":"https:\/\/www.isabelroyan.com\/aviso-legal\/","url":"https:\/\/www.isabelroyan.com\/aviso-legal\/","name":"Aviso Legal - Isabel Roy\u00e1n","isPartOf":{"@id":"https:\/\/www.isabelroyan.com\/#website"},"datePublished":"2024-06-12T08:46:50+00:00","dateModified":"2024-06-12T08:50:56+00:00","breadcrumb":{"@id":"https:\/\/www.isabelroyan.com\/aviso-legal\/#breadcrumb"},"inLanguage":"en-GB","potentialAction":[{"@type":"ReadAction","target":["https:\/\/www.isabelroyan.com\/aviso-legal\/"]}]},{"@type":"BreadcrumbList","@id":"https:\/\/www.isabelroyan.com\/aviso-legal\/#breadcrumb","itemListElement":[{"@type":"ListItem","position":1,"name":"Portada","item":"https:\/\/www.isabelroyan.com\/"},{"@type":"ListItem","position":2,"name":"Aviso Legal"}]},{"@type":"WebSite","@id":"https:\/\/www.isabelroyan.com\/#website","url":"https:\/\/www.isabelroyan.com\/","name":"Isabel Roy\u00e1n","description":"","potentialAction":[{"@type":"SearchAction","target":{"@type":"EntryPoint","urlTemplate":"https:\/\/www.isabelroyan.com\/?s={search_term_string}"},"query-input":{"@type":"PropertyValueSpecification","valueRequired":true,"valueName":"search_term_string"}}],"inLanguage":"en-GB"}]}},"_links":{"self":[{"href":"https:\/\/www.isabelroyan.com\/eng\/wp-json\/wp\/v2\/pages\/1306","targetHints":{"allow":["GET"]}}],"collection":[{"href":"https:\/\/www.isabelroyan.com\/eng\/wp-json\/wp\/v2\/pages"}],"about":[{"href":"https:\/\/www.isabelroyan.com\/eng\/wp-json\/wp\/v2\/types\/page"}],"author":[{"embeddable":true,"href":"https:\/\/www.isabelroyan.com\/eng\/wp-json\/wp\/v2\/users\/1"}],"replies":[{"embeddable":true,"href":"https:\/\/www.isabelroyan.com\/eng\/wp-json\/wp\/v2\/comments?post=1306"}],"version-history":[{"count":0,"href":"https:\/\/www.isabelroyan.com\/eng\/wp-json\/wp\/v2\/pages\/1306\/revisions"}],"wp:attachment":[{"href":"https:\/\/www.isabelroyan.com\/eng\/wp-json\/wp\/v2\/media?parent=1306"}],"curies":[{"name":"wp","href":"https:\/\/api.w.org\/{rel}","templated":true}]}}