{"id":1455,"date":"2024-06-18T12:08:53","date_gmt":"2024-06-18T12:08:53","guid":{"rendered":"https:\/\/elated-clarke.137-74-93-36.plesk.page\/?page_id=1455"},"modified":"2024-06-18T12:09:57","modified_gmt":"2024-06-18T12:09:57","slug":"politica-de-privacidad","status":"publish","type":"page","link":"https:\/\/www.isabelroyan.com\/eng\/politica-de-privacidad\/","title":{"rendered":"Privacy Policy"},"content":{"rendered":"<div data-elementor-type=\"wp-page\" data-elementor-id=\"1455\" class=\"elementor elementor-1455\" data-elementor-post-type=\"page\">\n\t\t\t\t<div class=\"elementor-element elementor-element-a9c03d8 e-flex e-con-boxed e-con e-parent\" data-id=\"a9c03d8\" data-element_type=\"container\">\n\t\t\t\t\t<div class=\"e-con-inner\">\n\t\t\t\t<div class=\"elementor-element elementor-element-426be7fe elementor-widget elementor-widget-text-editor\" data-id=\"426be7fe\" data-element_type=\"widget\" data-widget_type=\"text-editor.default\">\n\t\t\t\t<div class=\"elementor-widget-container\">\n\t\t\t\t\t\t\t\t\t\n<h2 class=\"wp-block-heading\">Privacy Policy<\/h2>\n\n<p><span style=\"font-weight: 400;\">A continuaci\u00f3n, describimos el tratamiento de sus datos personales y los derechos que le asisten con arreglo a la normativa vigente de protecci\u00f3n de datos \u2013Reglamento (UE) 2016\/679 del Parlamento Europeo y del Consejo de 27 de abril de 2016, relativo a la protecci\u00f3n de las personas f\u00edsicas en lo que respecta al tratamiento de datos personales, y normativa que lo desarrolla, en adelante, \u201cnormativa de protecci\u00f3n de datos\u201d o \u201cRGPD\u201d.<\/span><\/p>\n<p><span style=\"font-weight: 400;\">\u00a0<\/span><\/p>\n<h2><b>RESPONSABLE DEL TRATAMIENTO Y DATOS DE CONTACTO<\/b><\/h2>\n<p><span style=\"font-weight: 400;\">La entidad responsable del tratamiento de sus datos es Isabel Roy\u00e1n website \u2013 con nombre comercial Isabel Roy\u00e1n. En caso de que lo desee, puede contactar con nosotros a trav\u00e9s de correo electr\u00f3nico en la siguiente direcci\u00f3n: <\/span><span style=\"font-weight: 400;\">info@isabelroyan.com<\/span><\/p>\n<p><span style=\"font-weight: 400;\">\u00a0<\/span><\/p>\n<h3><b>\u00bfCon qu\u00e9 finalidad(es) trataremos sus datos y sobre qu\u00e9 base jur\u00eddica?<\/b><\/h3>\n<p><span style=\"font-weight: 400;\">Sus datos personales se tratan, de conformidad con lo dispuesto en el RGPD, sobre la base legal y con las finalidades que a continuaci\u00f3n se\u00f1alamos:<\/span><\/p>\n<p><span style=\"font-weight: 400;\">\u00a0<\/span><\/p>\n<h4><b>1. Consentimiento del interesado<\/b><\/h4>\n<p><span style=\"font-weight: 400;\">El tratamiento de sus datos personales se realizar\u00e1, siempre y cuando nos haya dado su consentimiento, con las siguientes finalidades:<\/span><\/p>\n<p><span style=\"font-weight: 400;\">\u00a0<\/span><\/p>\n<p><span style=\"font-weight: 400;\">Dar respuesta, en primera instancia, y realizar el seguimiento a las consultas\/solicitudes que nos ha realizado a trav\u00e9s de los canales de contacto. Entendemos que al cumplimentar los formularios de contacto y facilitar los datos necesarios, el interesado prestar su consentimiento para tratar sus datos con esta finalidad. Realizar comunicaciones comerciales, informativas y divulgativas gratuitas, tanto a trav\u00e9s de medios electr\u00f3nicos como de medios no electr\u00f3nicos. Evaluar su hist\u00f3rico de actividad, an\u00e1lisis de navegaci\u00f3n y uso de canales digitales a trav\u00e9s de la informaci\u00f3n captada mediante cookies. Usted podr\u00e1 revocar en cualquier momento dichos consentimientos. En este sentido, cabe destacar que la revocaci\u00f3n del consentimiento prestado no afectar\u00e1 a la licitud del tratamiento realizado con anterioridad a la retirada de dicho consentimiento.<\/span><\/p>\n<p><span style=\"font-weight: 400;\">\u00a0<\/span><\/p>\n<h4><b>2. Justificado en un inter\u00e9s leg\u00edtimo<\/b><\/h4>\n<p><span style=\"font-weight: 400;\">Cuando sea necesario, Isabel Roy\u00e1n website tratar\u00e1 sus datos personales para satisfacer intereses leg\u00edtimos propios, siempre que sobre dichos intereses leg\u00edtimos no prevalezcan sus intereses, derechos y libertades fundamentales. En este sentido, sus datos ser\u00e1n tratados con la finalidad de analizar sus necesidades, incluyendo segmentaci\u00f3n, a fin de identificar potenciales campa\u00f1as que puedan ser de su inter\u00e9s.<\/span><\/p>\n<p><span style=\"font-weight: 400;\">\u00a0<\/span><\/p>\n<h4><b>3. Dar cumplimiento a una obligaci\u00f3n legal aplicable a el responsable del tratamiento<\/b><\/h4>\n<p><span style=\"font-weight: 400;\">Se tratar\u00e1n sus datos con la finalidad de obtener, almacenar y gestionar los consentimientos relativos a la protecci\u00f3n de datos facilitados, a fin de demostrar que se ajustan a lo dispuesto por la normativa de protecci\u00f3n de datos. En este sentido, en caso de que usted no permita el tratamiento de sus datos personales con dicha finalidad, y puesto que el tratamiento de los mismos es necesario para cumplir con las obligaciones legales aplicables a Isabel Roy\u00e1n Website, no ser\u00e1 posible prestarle los servicios que solicita.<\/span><\/p>\n<p><span style=\"font-weight: 400;\">\u00a0<\/span><\/p>\n<h2><b>DECISIONES INDIVIDUALES AUTOMATIZADAS Y CREACI\u00d3N DE PERFILES<\/b><\/h2>\n<p><span style=\"font-weight: 400;\">No utilizamos procesos de toma de decisiones completamente automatizados de acuerdo con lo descrito en el art\u00edculo 22 del RGPD. En caso de que puntualmente empleemos este procedimiento, usted ser\u00e1 informado de ello y tendr\u00e1 derecho a obtener la intervenci\u00f3n humana en la toma de decisi\u00f3n. Asimismo, sus datos podr\u00e1n ser tratados con el fin de valorar distintos aspectos (determinaci\u00f3n del perfil) a fin de poder informarle y asesorarle sobre nuestros servicios en base a sus preferencias.<\/span><\/p>\n<p><span style=\"font-weight: 400;\">\u00a0<\/span><\/p>\n<h2><b>\u00bfA QU\u00c9 DESTINATARIOS SE COMUNICAR\u00c1N SUS DATOS?<\/b><\/h2>\n<p><span style=\"font-weight: 400;\">Para llevar a cabo todas las finalidades anteriormente descritas, esta web cuenta con la colaboraci\u00f3n de terceros proveedores de servicios, que pueden tener acceso a los datos personales como consecuencia de la ejecuci\u00f3n de los servicios contratados. En cualquier caso, se siguen unos criterios estrictos de selecci\u00f3n de dichos terceros con el fin de dar cumplimiento a sus obligaciones en protecci\u00f3n de datos y firma con ellos su correspondiente convenio de protecci\u00f3n de datos, donde estos terceros se obligan a cumplir con sus obligaciones en protecci\u00f3n de datos, y en concreto, a cumplir con las medidas jur\u00eddicas, t\u00e9cnicas y organizativas, al tratamiento de los datos personales para las finalidades pactadas, y la prohibici\u00f3n de tratar dichos datos personales para otras finalidades o cesi\u00f3n a terceros.<\/span><\/p>\n<p><span style=\"font-weight: 400;\">\u00a0<\/span><\/p>\n<h2><b>\u00bfCU\u00c1NTO TIEMPO CONSERVAREMOS SUS DATOS?<\/b><\/h2>\n<p><span style=\"font-weight: 400;\">Se cumplir\u00e1 lo dispuesto en la normativa vigente en cuanto al deber de supresi\u00f3n de la informaci\u00f3n personal una vez alcanzada la finalidad perseguida, o bien cuando revoque su consentimiento para el tratamiento de la misma, quedando a disposici\u00f3n exclusiva de Jueces y Tribunales, el Ministerio Fiscal o las Administraciones P\u00fablicas competentes para la atenci\u00f3n de las posibles responsabilidades nacidas del tratamiento, y solo durante los plazos de descripci\u00f3n de dichas responsabilidades. Una vez transcurran dichos plazos, se eliminar\u00e1 definitivamente esa informaci\u00f3n mediante m\u00e9todos seguros.<\/span><\/p>\n<p><span style=\"font-weight: 400;\">\u00a0<\/span><\/p>\n<h2><b>\u00bfC\u00d3MO HEMOS OBTENIDO SUS DATOS?<\/b><\/h2>\n<p><span style=\"font-weight: 400;\">Los datos personales que Isabel Roy\u00e1n website trata son los datos personales recabados a trav\u00e9s de los distintos canales de contacto habilitados y que han sido directamente facilitadas por los interesados.<\/span><\/p>\n<p><span style=\"font-weight: 400;\">\u00a0<\/span><\/p>\n<h2><b>\u00bfCU\u00c1LES SON SUS DERECHOS CUANDO NOS FACILITA SUS DATOS?<\/b><\/h2>\n<p><span style=\"font-weight: 400;\">De acuerdo con los dispuesto en el Reglamento General de Protecci\u00f3n de Datos, as\u00ed como en la normativa nacional en materia de protecci\u00f3n de datos, usted tiene derecho a ejercitar, si as\u00ed lo desea, los derechos de acceso, rectificaci\u00f3n y supresi\u00f3n de datos, as\u00ed como solicitar que se limite el tratamiento de sus datos personales, oponerse al mismo, solicitar la portabilidad de sus datos, as\u00ed como no ser objeto de decisiones individuales automatizadas. Adicionalmente, en caso de que el tratamiento de datos personales descrito se base en el consentimiento prestado por su parte, usted puede revocar en cualquier momento dicho consentimiento. En este sentido, cabe destacar que la revocaci\u00f3n del consentimiento prestado no afectar\u00e1 a la licitud del tratamiento realizado con anterioridad a la retirada de dicho consentimiento. Usted puede ejercitar los derechos anteriormente descritos a trav\u00e9s de los siguientes canales, aportando la documentaci\u00f3n necesaria que nos permita verificar su identidad (copia del DNI, pasaporte, NIE, etc.) mediante correo electr\u00f3nico a la siguiente direcci\u00f3n <\/span><span style=\"font-weight: 400;\">hello@somospecesvoladores.com<\/span><span style=\"font-weight: 400;\">.<\/span><\/p>\n<p><span style=\"font-weight: 400;\">\u00a0<\/span><\/p>\n<h2><b>Pol\u00edtica de Cookies<\/b><\/h2>\n<p><span style=\"font-weight: 400;\">A continuaci\u00f3n te mostramos informaci\u00f3n sobre qu\u00e9 son las \u201ccookies\u201d, qu\u00e9 tipos de cookies utiliza este portal y c\u00f3mo puedes desactivar las cookies en tu navegador. Si no encuentras lo que est\u00e1s buscando, escr\u00edbenos a <\/span><span style=\"font-weight: 400;\">hello@somospecesvoladores.com<\/span><\/p>\n<p><span style=\"font-weight: 400;\">\u00a0<\/span><\/p>\n<h4><b>\u00bfQu\u00e9 son las Cookies?<\/b><\/h4>\n<p><span style=\"font-weight: 400;\">Las cookies son peque\u00f1as informaciones enviadas por un sitio web y almacenadas en el navegador del usuario, de manera que el sitio web puede consultar la actividad previa del usuario.<\/span><\/p>\n<p><span style=\"font-weight: 400;\">\u00a0<\/span><\/p>\n<p><span style=\"font-weight: 400;\">Su principal funci\u00f3n es llevar el control de usuarios: cuando un usuario introduce su nombre de usuario y contrase\u00f1a, se almacena una cookie para que no tenga que estar introduci\u00e9ndolas para cada p\u00e1gina del servidor. Sin embargo, una cookie no identifica solo a una persona, sino a una combinaci\u00f3n de computador-navegador-usuario.<\/span><\/p>\n<p><span style=\"font-weight: 400;\">\u00a0<\/span><\/p>\n<p><span style=\"font-weight: 400;\">Las cookies pueden ser borradas, aceptadas o bloqueadas seg\u00fan desee, para esto s\u00f3lo debe configurar convenientemente el navegador web.<\/span><\/p>\n<p><span style=\"font-weight: 400;\">\u00a0<\/span><\/p>\n<h4><b>\u00bfPara qu\u00e9 utiliza esta web las Cookies?<\/b><\/h4>\n<p><span style=\"font-weight: 400;\">Se utilizan las cookies estrictamente necesarias y esenciales para que utilices nuestro sitio web y te permitan moverte libremente, utilizar \u00e1reas seguras, opciones personalizadas, etc. Adem\u00e1s, esta web utiliza cookies que recogen datos relativos al an\u00e1lisis de uso de la Web. \u00c9stas se utilizan para ayudar a mejorar el servicio al cliente, midiendo el uso y el rendimiento de la p\u00e1gina, para optimizarla y personalizarla. Nuestros sitio tambi\u00e9n puede tener enlaces de redes sociales (como Facebook o Twitter) . Esta web no controla las cookies utilizadas por estas Web externas. Para m\u00e1s informaci\u00f3n sobre las cookies de las redes sociales u otras Webs ajenas, aconsejamos revisar sus propias pol\u00edticas de cookies.<\/span><\/p>\n<p><span style=\"font-weight: 400;\">\u00a0<\/span><\/p>\n<h4><b>\u00bfQu\u00e9 uso le damos a los diferentes tipos de cookies?<\/b><\/h4>\n<p><span style=\"font-weight: 400;\">Seg\u00fan su finalidad:<\/span><\/p>\n<ul>\n<li style=\"font-weight: 400;\" aria-level=\"1\"><span style=\"font-weight: 400;\">Cookies T\u00e9cnicas:<\/span><\/li>\n<\/ul>\n<p><span style=\"font-weight: 400;\">Las cookies t\u00e9cnicas son aquellas imprescindibles y estrictamente necesarias para el correcto funcionamiento de un portal Web y la utilizaci\u00f3n de las diferentes opciones y servicios que ofrece. Por ejemplo, las que sirven para el mantenimiento de la sesi\u00f3n, la gesti\u00f3n del tiempo de respuesta, rendimiento o validaci\u00f3n de opciones, utilizar elementos de seguridad, compartir contenido con redes sociales, etc.<\/span><\/p>\n<ul>\n<li style=\"font-weight: 400;\" aria-level=\"1\"><span style=\"font-weight: 400;\">Cookies de personalizaci\u00f3n:<\/span><\/li>\n<\/ul>\n<p><span style=\"font-weight: 400;\">Estas cookies permiten al usuario especificar o personalizar algunas caracter\u00edsticas de las opciones generales de la p\u00e1gina Web, Por ejemplo, definir el idioma, configuraci\u00f3n regional o tipo de navegador.<\/span><\/p>\n<ul>\n<li style=\"font-weight: 400;\" aria-level=\"1\"><span style=\"font-weight: 400;\">Cookies anal\u00edticas<\/span><\/li>\n<\/ul>\n<p><span style=\"font-weight: 400;\">Las cookies anal\u00edticas son las utilizadas por nuestros portales Web, para elaborar perfiles de navegaci\u00f3n y poder conocer las preferencias de los usuarios del mismo con el fin de mejorar la oferta de productos y servicios. Por ejemplo, mediante una cookie anal\u00edtica se controlar\u00edan las \u00e1reas geogr\u00e1ficas de mayor inter\u00e9s de un usuario, cu\u00e1l es el producto de m\u00e1s aceptaci\u00f3n, etc.<\/span><\/p>\n<ul>\n<li style=\"font-weight: 400;\" aria-level=\"1\"><span style=\"font-weight: 400;\">Cookies de publicidad<\/span><\/li>\n<\/ul>\n<p><span style=\"font-weight: 400;\">Las cookies publicitarias permiten la gesti\u00f3n de los espacios publicitarios en base a criterios concretos. Por ejemplo la frecuencia de acceso, el contenido editado, etc.<\/span><\/p>\n<p><span style=\"font-weight: 400;\">\u00a0<\/span><\/p>\n<p><span style=\"font-weight: 400;\">Las cookies de publicidad permiten a trav\u00e9s de la gesti\u00f3n de la publicidad almacenar informaci\u00f3n del comportamiento a trav\u00e9s de la observaci\u00f3n de h\u00e1bitos, estudiando los accesos y formando un perfil de preferencias del usuario, para ofrecerle publicidad relacionada con los intereses de su perfil.<\/span><\/p>\n<p><span style=\"font-weight: 400;\">\u00a0<\/span><\/p>\n<p><span style=\"font-weight: 400;\">Seg\u00fan plazo:<\/span><\/p>\n<ul>\n<li style=\"font-weight: 400;\" aria-level=\"1\"><span style=\"font-weight: 400;\">Cookies de sesi\u00f3n:<\/span><\/li>\n<\/ul>\n<p><span style=\"font-weight: 400;\">Las cookies de sesi\u00f3n son aquellas que duran el tiempo que el usuario est\u00e1 navegando por la p\u00e1gina Web y se borran al t\u00e9rmino.<\/span><\/p>\n<ul>\n<li style=\"font-weight: 400;\" aria-level=\"1\"><span style=\"font-weight: 400;\">Cookies persistentes:<\/span><\/li>\n<\/ul>\n<p><span style=\"font-weight: 400;\">Estas cookies quedan almacenadas en el terminal del usuario, por un tiempo m\u00e1s largo, facilitando as\u00ed el control de las preferencias elegidas sin tener que repetir ciertos par\u00e1metros cada vez que se visite el sitio Web.<\/span><\/p>\n<p><span style=\"font-weight: 400;\">\u00a0<\/span><\/p>\n<p><span style=\"font-weight: 400;\">\u00a0<\/span><\/p>\n<p><span style=\"font-weight: 400;\">Los datos recogidos en las cookies \u00bfse usan en Webs distintas de Isabel Roy\u00e1n website?<\/span><\/p>\n<p><span style=\"font-weight: 400;\">\u00a0<\/span><\/p>\n<p><span style=\"font-weight: 400;\">Alguna de nuestras cookies se utilizan para generar publicidad en redes de terceros o para realizar anal\u00edticas para las que usamos herramientas externas. Las cookies utilizadas son para uso exclusivo de Somos Peces Voladores que en ning\u00fan caso comercializa con ellas.<\/span><\/p>\n<p><span style=\"font-weight: 400;\">\u00a0<\/span><\/p>\n<p><span style=\"font-weight: 400;\">\u00a0<\/span><\/p>\n<h4><b>Entonces, \u00bfqu\u00e9 significa la informaci\u00f3n anterior?<\/b><\/h4>\n<p><span style=\"font-weight: 400;\">Si aceptas nuestras cookies, nos permites la mejora de la web de Isabel Roy\u00e1n website para ofrecerte un acceso \u00f3ptimo y darle un servicio m\u00e1s eficaz y personalizado. Adem\u00e1s, puedes configurar tu navegador para establecer que s\u00f3lo los sitios Web de confianza o las p\u00e1ginas por las que est\u00e1s navegando en este momento puedan gestionar cookies lo que te permite seleccionar sus preferencias. Proporcionando esta pol\u00edtica, Esta web demuestra el compromiso adquirido con la legislaci\u00f3n vigente sobre el uso de cookies, proporcion\u00e1ndote informaci\u00f3n para que puedas comprender qu\u00e9 tipo de cookies utilizamos y por qu\u00e9 lo hacemos. Con esto, pretendemos proporcionarte transparencia en cuanto a los datos tratados acerca de la navegaci\u00f3n realizada desde tu equipo en nuestra Web. Esta pol\u00edtica se revisa peri\u00f3dicamente para asegurar su vigencia, por lo que puede ser modificada. Te recomendamos que visites la p\u00e1gina con regularidad para informarte de cualquier actualizaci\u00f3n al respecto.<\/span><\/p>\n<h4><b>\u00bfC\u00f3mo puedo desactivar las Cookies en mi navegador?<\/b><\/h4>\n<p><span style=\"font-weight: 400;\">Puedes permitir, bloquear o eliminar las cookies instaladas en tu equipo mediante la configuraci\u00f3n de las opciones de tu navegador de internet.<\/span><\/p>\n<p><span style=\"font-weight: 400;\">\u00a0<\/span><\/p>\n<p><span style=\"font-weight: 400;\">Ten en cuenta que si rechazas o borras las cookies de navegaci\u00f3n para esta web, no podremos mantener tus preferencias y algunas caracter\u00edsticas de las p\u00e1ginas no estar\u00e1n operativas, no podremos ofrecerte servicios personalizados y cada vez que vayas a navegar por nuestra Web tendremos que solicitarle de nuevo tu autorizaci\u00f3n para el uso de cookies.<\/span><\/p>\n<p><span style=\"font-weight: 400;\">\u00a0<\/span><\/p>\n<p><span style=\"font-weight: 400;\">A continuaci\u00f3n te ofrecemos enlaces en los que encontrar\u00e1s informaci\u00f3n sobre c\u00f3mo puedes activar tus preferencias en los principales navegadores:<\/span><\/p>\n<p><span style=\"font-weight: 400;\">\u00a0<\/span><\/p>\n<p><span style=\"font-weight: 400;\">\u00a0<\/span><\/p>\n<p><a href=\"https:\/\/support.google.com\/chrome\/answer\/95647?hl=es\"><span style=\"font-weight: 400;\">Configuraci\u00f3n de cookies para Google Chrome<\/span><\/a><\/p>\n<p><span style=\"font-weight: 400;\">\u00a0<\/span><\/p>\n<p><a href=\"https:\/\/support.mozilla.org\/es\/kb\/cookies-informacion-que-los-sitios-web-guardan-en-?redirectlocale=en-US&amp;redirectslug=Cookies\"><span style=\"font-weight: 400;\">Configuraci\u00f3n de cookies para Mozilla Firefox<\/span><\/a><\/p>\n<p><span style=\"font-weight: 400;\">\u00a0<\/span><\/p>\n<p><a href=\"https:\/\/support.apple.com\/es-es\/HT201265\"><span style=\"font-weight: 400;\">Configuraci\u00f3n de cookies para Safari<\/span><\/a><\/p>\n<p><span style=\"font-weight: 400;\">\u00a0<\/span><\/p>\n<p><span style=\"font-weight: 400;\">\u00bfD\u00f3nde puedo obtener m\u00e1s informaci\u00f3n?<\/span><\/p>\n<p><span style=\"font-weight: 400;\">\u00a0<\/span><\/p>\n<p><span style=\"font-weight: 400;\">Si tienes cualquier pregunta sobre c\u00f3mo usamos las cookies, y no est\u00e1 contestada en \u00e9sta pol\u00edtica, por favor m\u00e1ndenos tus comentarios a trav\u00e9s del correo electr\u00f3nico <\/span><span style=\"font-weight: 400;\">info@isaberoyan.com<\/span><span style=\"font-weight: 400;\">\u00a0<\/span><\/p>\n<p><span style=\"font-weight: 400;\">\u00a0<\/span><\/p>\n<p><span style=\"font-weight: 400;\">Si necesitas obtener m\u00e1s informaci\u00f3n sobre la directiva de cookies, por favor consulta el Bolet\u00edn Oficial del Estado publicado el pasado 31 de marzo de 2012 (para Espa\u00f1a) donde se trasponen las directivas en materia de comunicaciones electr\u00f3nicas.\u00a0\u00a0<\/span><\/p>\n<p><br style=\"font-weight: 400;\" \/><br style=\"font-weight: 400;\" \/><br \/><\/p>\n\t\t\t\t\t\t\t\t<\/div>\n\t\t\t\t<\/div>\n\t\t\t\t\t<\/div>\n\t\t\t\t<\/div>\n\t\t\t\t<\/div>","protected":false},"excerpt":{"rendered":"<p>Pol\u00edtica de Privacidad A continuaci\u00f3n, describimos el tratamiento de sus datos personales y los derechos que le asisten con arreglo a la normativa vigente de protecci\u00f3n de datos \u2013Reglamento (UE) 2016\/679 del Parlamento Europeo y del Consejo de 27 de abril de 2016, relativo a la protecci\u00f3n de las personas f\u00edsicas en lo que respecta [&hellip;]<\/p>","protected":false},"author":1,"featured_media":0,"parent":0,"menu_order":0,"comment_status":"closed","ping_status":"closed","template":"","meta":{"_acf_changed":false,"footnotes":""},"class_list":["post-1455","page","type-page","status-publish","hentry"],"acf":[],"yoast_head":"<!-- This site is optimized with the Yoast SEO plugin v24.6 - https:\/\/yoast.com\/wordpress\/plugins\/seo\/ -->\n<title>Pol\u00edtica de Privacidad - Isabel Roy\u00e1n<\/title>\n<meta name=\"robots\" content=\"noindex, nofollow\" \/>\n<meta property=\"og:locale\" content=\"en_GB\" \/>\n<meta property=\"og:type\" content=\"article\" \/>\n<meta property=\"og:title\" content=\"Pol\u00edtica de Privacidad - Isabel Roy\u00e1n\" \/>\n<meta property=\"og:description\" content=\"Pol\u00edtica de Privacidad A continuaci\u00f3n, describimos el tratamiento de sus datos personales y los derechos que le asisten con arreglo a la normativa vigente de protecci\u00f3n de datos \u2013Reglamento (UE) 2016\/679 del Parlamento Europeo y del Consejo de 27 de abril de 2016, relativo a la protecci\u00f3n de las personas f\u00edsicas en lo que respecta [&hellip;]\" \/>\n<meta property=\"og:url\" content=\"https:\/\/www.isabelroyan.com\/eng\/politica-de-privacidad\/\" \/>\n<meta property=\"og:site_name\" content=\"Isabel Roy\u00e1n\" \/>\n<meta property=\"article:modified_time\" content=\"2024-06-18T12:09:57+00:00\" \/>\n<meta name=\"twitter:card\" content=\"summary_large_image\" \/>\n<meta name=\"twitter:label1\" content=\"Estimated reading time\" \/>\n\t<meta name=\"twitter:data1\" content=\"9 minutes\" \/>\n<script type=\"application\/ld+json\" class=\"yoast-schema-graph\">{\"@context\":\"https:\/\/schema.org\",\"@graph\":[{\"@type\":\"WebPage\",\"@id\":\"https:\/\/www.isabelroyan.com\/politica-de-privacidad\/\",\"url\":\"https:\/\/www.isabelroyan.com\/politica-de-privacidad\/\",\"name\":\"Pol\u00edtica de Privacidad - Isabel Roy\u00e1n\",\"isPartOf\":{\"@id\":\"https:\/\/www.isabelroyan.com\/#website\"},\"datePublished\":\"2024-06-18T12:08:53+00:00\",\"dateModified\":\"2024-06-18T12:09:57+00:00\",\"breadcrumb\":{\"@id\":\"https:\/\/www.isabelroyan.com\/politica-de-privacidad\/#breadcrumb\"},\"inLanguage\":\"en-GB\",\"potentialAction\":[{\"@type\":\"ReadAction\",\"target\":[\"https:\/\/www.isabelroyan.com\/politica-de-privacidad\/\"]}]},{\"@type\":\"BreadcrumbList\",\"@id\":\"https:\/\/www.isabelroyan.com\/politica-de-privacidad\/#breadcrumb\",\"itemListElement\":[{\"@type\":\"ListItem\",\"position\":1,\"name\":\"Portada\",\"item\":\"https:\/\/www.isabelroyan.com\/\"},{\"@type\":\"ListItem\",\"position\":2,\"name\":\"Pol\u00edtica de Privacidad\"}]},{\"@type\":\"WebSite\",\"@id\":\"https:\/\/www.isabelroyan.com\/#website\",\"url\":\"https:\/\/www.isabelroyan.com\/\",\"name\":\"Isabel Roy\u00e1n\",\"description\":\"\",\"potentialAction\":[{\"@type\":\"SearchAction\",\"target\":{\"@type\":\"EntryPoint\",\"urlTemplate\":\"https:\/\/www.isabelroyan.com\/?s={search_term_string}\"},\"query-input\":{\"@type\":\"PropertyValueSpecification\",\"valueRequired\":true,\"valueName\":\"search_term_string\"}}],\"inLanguage\":\"en-GB\"}]}<\/script>\n<!-- \/ Yoast SEO plugin. -->","yoast_head_json":{"title":"Pol\u00edtica de Privacidad - Isabel Roy\u00e1n","robots":{"index":"noindex","follow":"nofollow"},"og_locale":"en_GB","og_type":"article","og_title":"Pol\u00edtica de Privacidad - Isabel Roy\u00e1n","og_description":"Pol\u00edtica de Privacidad A continuaci\u00f3n, describimos el tratamiento de sus datos personales y los derechos que le asisten con arreglo a la normativa vigente de protecci\u00f3n de datos \u2013Reglamento (UE) 2016\/679 del Parlamento Europeo y del Consejo de 27 de abril de 2016, relativo a la protecci\u00f3n de las personas f\u00edsicas en lo que respecta [&hellip;]","og_url":"https:\/\/www.isabelroyan.com\/eng\/politica-de-privacidad\/","og_site_name":"Isabel Roy\u00e1n","article_modified_time":"2024-06-18T12:09:57+00:00","twitter_card":"summary_large_image","twitter_misc":{"Estimated reading time":"9 minutes"},"schema":{"@context":"https:\/\/schema.org","@graph":[{"@type":"WebPage","@id":"https:\/\/www.isabelroyan.com\/politica-de-privacidad\/","url":"https:\/\/www.isabelroyan.com\/politica-de-privacidad\/","name":"Pol\u00edtica de Privacidad - Isabel Roy\u00e1n","isPartOf":{"@id":"https:\/\/www.isabelroyan.com\/#website"},"datePublished":"2024-06-18T12:08:53+00:00","dateModified":"2024-06-18T12:09:57+00:00","breadcrumb":{"@id":"https:\/\/www.isabelroyan.com\/politica-de-privacidad\/#breadcrumb"},"inLanguage":"en-GB","potentialAction":[{"@type":"ReadAction","target":["https:\/\/www.isabelroyan.com\/politica-de-privacidad\/"]}]},{"@type":"BreadcrumbList","@id":"https:\/\/www.isabelroyan.com\/politica-de-privacidad\/#breadcrumb","itemListElement":[{"@type":"ListItem","position":1,"name":"Portada","item":"https:\/\/www.isabelroyan.com\/"},{"@type":"ListItem","position":2,"name":"Pol\u00edtica de Privacidad"}]},{"@type":"WebSite","@id":"https:\/\/www.isabelroyan.com\/#website","url":"https:\/\/www.isabelroyan.com\/","name":"Isabel Roy\u00e1n","description":"","potentialAction":[{"@type":"SearchAction","target":{"@type":"EntryPoint","urlTemplate":"https:\/\/www.isabelroyan.com\/?s={search_term_string}"},"query-input":{"@type":"PropertyValueSpecification","valueRequired":true,"valueName":"search_term_string"}}],"inLanguage":"en-GB"}]}},"_links":{"self":[{"href":"https:\/\/www.isabelroyan.com\/eng\/wp-json\/wp\/v2\/pages\/1455","targetHints":{"allow":["GET"]}}],"collection":[{"href":"https:\/\/www.isabelroyan.com\/eng\/wp-json\/wp\/v2\/pages"}],"about":[{"href":"https:\/\/www.isabelroyan.com\/eng\/wp-json\/wp\/v2\/types\/page"}],"author":[{"embeddable":true,"href":"https:\/\/www.isabelroyan.com\/eng\/wp-json\/wp\/v2\/users\/1"}],"replies":[{"embeddable":true,"href":"https:\/\/www.isabelroyan.com\/eng\/wp-json\/wp\/v2\/comments?post=1455"}],"version-history":[{"count":0,"href":"https:\/\/www.isabelroyan.com\/eng\/wp-json\/wp\/v2\/pages\/1455\/revisions"}],"wp:attachment":[{"href":"https:\/\/www.isabelroyan.com\/eng\/wp-json\/wp\/v2\/media?parent=1455"}],"curies":[{"name":"wp","href":"https:\/\/api.w.org\/{rel}","templated":true}]}}