{"id":222,"date":"2024-03-18T12:39:26","date_gmt":"2024-03-18T12:39:26","guid":{"rendered":"https:\/\/elated-clarke.137-74-93-36.plesk.page\/?page_id=222"},"modified":"2025-05-01T12:52:49","modified_gmt":"2025-05-01T12:52:49","slug":"bio","status":"publish","type":"page","link":"https:\/\/www.isabelroyan.com\/eng\/bio\/","title":{"rendered":"Bio"},"content":{"rendered":"<div data-elementor-type=\"wp-page\" data-elementor-id=\"222\" class=\"elementor elementor-222\" data-elementor-post-type=\"page\">\n\t\t\t\t<div class=\"elementor-element elementor-element-374fa6c8 e-flex e-con-boxed e-con e-parent\" data-id=\"374fa6c8\" data-element_type=\"container\" data-settings=\"{&quot;background_background&quot;:&quot;classic&quot;}\">\n\t\t\t\t\t<div class=\"e-con-inner\">\n\t\t<div class=\"elementor-element elementor-element-cf521e8 e-flex e-con-boxed e-con e-child\" data-id=\"cf521e8\" data-element_type=\"container\">\n\t\t\t\t\t<div class=\"e-con-inner\">\n\t\t\t\t<div class=\"elementor-element elementor-element-51f7f5e elementor-widget elementor-widget-image\" data-id=\"51f7f5e\" data-element_type=\"widget\" data-widget_type=\"image.default\">\n\t\t\t\t<div class=\"elementor-widget-container\">\n\t\t\t\t\t\t\t\t\t\t\t\t\t\t\t<img fetchpriority=\"high\" decoding=\"async\" width=\"4019\" height=\"3970\" src=\"https:\/\/www.isabelroyan.com\/wp-content\/uploads\/2024\/03\/foto-bio_IsabelRoyan_ImdB.png\" class=\"attachment-full size-full wp-image-102\" alt=\"\" srcset=\"https:\/\/www.isabelroyan.com\/wp-content\/uploads\/2024\/03\/foto-bio_IsabelRoyan_ImdB.png 4019w, https:\/\/www.isabelroyan.com\/wp-content\/uploads\/2024\/03\/foto-bio_IsabelRoyan_ImdB-300x296.png 300w, https:\/\/www.isabelroyan.com\/wp-content\/uploads\/2024\/03\/foto-bio_IsabelRoyan_ImdB-1024x1012.png 1024w, https:\/\/www.isabelroyan.com\/wp-content\/uploads\/2024\/03\/foto-bio_IsabelRoyan_ImdB-768x759.png 768w, https:\/\/www.isabelroyan.com\/wp-content\/uploads\/2024\/03\/foto-bio_IsabelRoyan_ImdB-1536x1517.png 1536w, https:\/\/www.isabelroyan.com\/wp-content\/uploads\/2024\/03\/foto-bio_IsabelRoyan_ImdB-2048x2023.png 2048w\" sizes=\"(max-width: 4019px) 100vw, 4019px\" \/>\t\t\t\t\t\t\t\t\t\t\t\t\t\t\t<\/div>\n\t\t\t\t<\/div>\n\t\t\t\t<div class=\"elementor-element elementor-element-42f80eb elementor-widget__width-initial elementor-widget elementor-widget-text-editor\" data-id=\"42f80eb\" data-element_type=\"widget\" data-widget_type=\"text-editor.default\">\n\t\t\t\t<div class=\"elementor-widget-container\">\n\t\t\t\t\t\t\t\t\t<p class=\"translation-block\">Composer, orchestrator and sound designer, Isabel Roy\u00e1n was born in M\u00e1laga, where she obtained her Music Composition Degree from the Conservatory of M\u00e1laga, as well as a Professional Piano degree and a degree in Communication (Journalism) from the University of M\u00e1laga. She obtained Suma Cum Laude with her final composition project Tr\u00edptico, a concert work for alto saxophone and symphonic orchestra.<br>\n<br>\nShe has received specialized training in film scoring and scoring for video games at Pacific Northwest Film Scoring Program (Seattle Film Institute, Washington), under the guidance of the awarded composer Hummie Mann, among others. She has also a Master\u2019s Degree in Composition for Media and Video Games (Katarina Gurska Center, Madrid) and a Master\u2019s Degree in Musical Heritage\/Ethnomusicology and Flamenco Music (International University of Andaluc\u00eda). She obtained Suma Cum Laude in both master\u2019s dissertations.\nShe has enhanced her music profile through several courses about media composition, film theory, audio production, audio implementation for video games, conducting, orchestrating, analysis, piano and pedagogics, having Norman Ludwig, Eva Gancedo and Fernando Vel\u00e1zquez as a mentors, among others.<\/p>\t\t\t\t\t\t\t\t<\/div>\n\t\t\t\t<\/div>\n\t\t\t\t\t<\/div>\n\t\t\t\t<\/div>\n\t\t<div class=\"elementor-element elementor-element-de391a5 e-flex e-con-boxed e-con e-child\" data-id=\"de391a5\" data-element_type=\"container\">\n\t\t\t\t\t<div class=\"e-con-inner\">\n\t\t\t\t<div class=\"elementor-element elementor-element-2342f55 elementor-widget__width-initial elementor-widget elementor-widget-text-editor\" data-id=\"2342f55\" data-element_type=\"widget\" data-widget_type=\"text-editor.default\">\n\t\t\t\t<div class=\"elementor-widget-container\">\n\t\t\t\t\t\t\t\t\t<p class=\"translation-block\">Roy\u00e1n has been honored as nominee for Best Original Soundtrack at several awards such as Berlanga Awards ('Olvido', 2023), Carmen Awards (\u2018Las chicas de la estaci\u00f3n\u2019, 2025, and Alima\u00f1as', 2024), Fimucinema Awards ('La peque\u00f1a leona', 'Para\u00edso en llamas' 2021, 'Emilio Prados, cazador de nubes', 2022), Astart\u00e9 Awards ('Princesa', 2022) or Spanish Film Scoring Awards ('Emilio Prados', 2023).<\/p><p class=\"translation-block\">She has been nominated for the Jerry Goldsmith Awards in 2017 for El gl\u00f3bulo de Bok (Best Original Creation) and La Ver\u00f3nica (Best Original Music for Short Film). She had also a nomination for the PlayStation Talents Contest 2017  for her work in the video game Night and Day. In 2016, she was nominated for Paula, by Ikigai Gameworks, for the category of Best Score for Video Game at the Jerry GoldSmith Awards edition.<\/p><p><span style=\"font-weight: 400;\">Roy\u00e1n is also a frequent contributor to several specialized publications as Mel\u00f3mano, Sul Ponticello, OpusM\u00fasica and Intermezzo. She currently teaches composition in  Manuel Carra Professional Conservatory of Music in M\u00e1laga, besides her activity as speaker in courses and meetings about music in entities as U-TAD University, Platzi or VideoGameArmy.<\/span><\/p>\t\t\t\t\t\t\t\t<\/div>\n\t\t\t\t<\/div>\n\t\t\t\t\t<\/div>\n\t\t\t\t<\/div>\n\t\t\t\t\t<\/div>\n\t\t\t\t<\/div>\n\t\t<div class=\"elementor-element elementor-element-01d37e5 e-flex e-con-boxed e-con e-parent\" data-id=\"01d37e5\" data-element_type=\"container\">\n\t\t\t\t\t<div class=\"e-con-inner\">\n\t\t<div class=\"elementor-element elementor-element-97b4eef e-con-full e-flex e-con e-child\" data-id=\"97b4eef\" data-element_type=\"container\">\n\t\t\t\t<div class=\"elementor-element elementor-element-b437aab elementor-widget elementor-widget-image\" data-id=\"b437aab\" data-element_type=\"widget\" data-widget_type=\"image.default\">\n\t\t\t\t<div class=\"elementor-widget-container\">\n\t\t\t\t\t\t\t\t\t\t\t\t\t\t\t<img decoding=\"async\" width=\"630\" height=\"320\" src=\"https:\/\/www.isabelroyan.com\/wp-content\/uploads\/2024\/04\/logo-vector-academia-de-cine.jpeg\" class=\"attachment-full size-full wp-image-890\" alt=\"\" srcset=\"https:\/\/www.isabelroyan.com\/wp-content\/uploads\/2024\/04\/logo-vector-academia-de-cine.jpeg 630w, https:\/\/www.isabelroyan.com\/wp-content\/uploads\/2024\/04\/logo-vector-academia-de-cine-300x152.jpeg 300w\" sizes=\"(max-width: 630px) 100vw, 630px\" \/>\t\t\t\t\t\t\t\t\t\t\t\t\t\t\t<\/div>\n\t\t\t\t<\/div>\n\t\t\t\t<\/div>\n\t\t<div class=\"elementor-element elementor-element-9c0c0e6 e-con-full e-flex e-con e-child\" data-id=\"9c0c0e6\" data-element_type=\"container\">\n\t\t\t\t<div class=\"elementor-element elementor-element-88cb299 elementor-widget elementor-widget-image\" data-id=\"88cb299\" data-element_type=\"widget\" data-widget_type=\"image.default\">\n\t\t\t\t<div class=\"elementor-widget-container\">\n\t\t\t\t\t\t\t\t\t\t\t\t\t\t\t<img decoding=\"async\" width=\"495\" height=\"186\" src=\"https:\/\/www.isabelroyan.com\/wp-content\/uploads\/2024\/05\/logo_musimagen.png\" class=\"attachment-full size-full wp-image-920\" alt=\"\" srcset=\"https:\/\/www.isabelroyan.com\/wp-content\/uploads\/2024\/05\/logo_musimagen.png 495w, https:\/\/www.isabelroyan.com\/wp-content\/uploads\/2024\/05\/logo_musimagen-300x113.png 300w\" sizes=\"(max-width: 495px) 100vw, 495px\" \/>\t\t\t\t\t\t\t\t\t\t\t\t\t\t\t<\/div>\n\t\t\t\t<\/div>\n\t\t\t\t<\/div>\n\t\t<div class=\"elementor-element elementor-element-3aa6d7a e-con-full e-flex e-con e-child\" data-id=\"3aa6d7a\" data-element_type=\"container\">\n\t\t\t\t<div class=\"elementor-element elementor-element-007b9ac elementor-widget elementor-widget-image\" data-id=\"007b9ac\" data-element_type=\"widget\" data-widget_type=\"image.default\">\n\t\t\t\t<div class=\"elementor-widget-container\">\n\t\t\t\t\t\t\t\t\t\t\t\t\t\t\t<img loading=\"lazy\" decoding=\"async\" width=\"1272\" height=\"816\" src=\"https:\/\/www.isabelroyan.com\/wp-content\/uploads\/2024\/05\/PNGS-ACADEMIA-DE-CINE-ANDALUCIA.001-e1718959137373.png\" class=\"attachment-full size-full wp-image-921\" alt=\"\" srcset=\"https:\/\/www.isabelroyan.com\/wp-content\/uploads\/2024\/05\/PNGS-ACADEMIA-DE-CINE-ANDALUCIA.001-e1718959137373.png 1272w, https:\/\/www.isabelroyan.com\/wp-content\/uploads\/2024\/05\/PNGS-ACADEMIA-DE-CINE-ANDALUCIA.001-e1718959137373-300x192.png 300w, https:\/\/www.isabelroyan.com\/wp-content\/uploads\/2024\/05\/PNGS-ACADEMIA-DE-CINE-ANDALUCIA.001-e1718959137373-1024x657.png 1024w, https:\/\/www.isabelroyan.com\/wp-content\/uploads\/2024\/05\/PNGS-ACADEMIA-DE-CINE-ANDALUCIA.001-e1718959137373-768x493.png 768w\" sizes=\"(max-width: 1272px) 100vw, 1272px\" \/>\t\t\t\t\t\t\t\t\t\t\t\t\t\t\t<\/div>\n\t\t\t\t<\/div>\n\t\t\t\t<\/div>\n\t\t<div class=\"elementor-element elementor-element-9d4af48 e-con-full e-flex e-con e-child\" data-id=\"9d4af48\" data-element_type=\"container\">\n\t\t\t\t<div class=\"elementor-element elementor-element-1e3b294 elementor-widget elementor-widget-image\" data-id=\"1e3b294\" data-element_type=\"widget\" data-widget_type=\"image.default\">\n\t\t\t\t<div class=\"elementor-widget-container\">\n\t\t\t\t\t\t\t\t\t\t\t\t\t\t\t<img loading=\"lazy\" decoding=\"async\" width=\"2892\" height=\"747\" src=\"https:\/\/www.isabelroyan.com\/wp-content\/uploads\/2024\/04\/LogoAAMMA.png\" class=\"attachment-full size-full wp-image-889\" alt=\"\" srcset=\"https:\/\/www.isabelroyan.com\/wp-content\/uploads\/2024\/04\/LogoAAMMA.png 2892w, https:\/\/www.isabelroyan.com\/wp-content\/uploads\/2024\/04\/LogoAAMMA-300x77.png 300w, https:\/\/www.isabelroyan.com\/wp-content\/uploads\/2024\/04\/LogoAAMMA-1024x264.png 1024w, https:\/\/www.isabelroyan.com\/wp-content\/uploads\/2024\/04\/LogoAAMMA-768x198.png 768w, https:\/\/www.isabelroyan.com\/wp-content\/uploads\/2024\/04\/LogoAAMMA-1536x397.png 1536w, https:\/\/www.isabelroyan.com\/wp-content\/uploads\/2024\/04\/LogoAAMMA-2048x529.png 2048w\" sizes=\"(max-width: 2892px) 100vw, 2892px\" \/>\t\t\t\t\t\t\t\t\t\t\t\t\t\t\t<\/div>\n\t\t\t\t<\/div>\n\t\t\t\t<\/div>\n\t\t<div class=\"elementor-element elementor-element-1f738b9 e-con-full e-flex e-con e-child\" data-id=\"1f738b9\" data-element_type=\"container\">\n\t\t\t\t<div class=\"elementor-element elementor-element-033fcf2 elementor-widget elementor-widget-image\" data-id=\"033fcf2\" data-element_type=\"widget\" data-widget_type=\"image.default\">\n\t\t\t\t<div class=\"elementor-widget-container\">\n\t\t\t\t\t\t\t\t\t\t\t\t\t\t\t<img loading=\"lazy\" decoding=\"async\" width=\"640\" height=\"357\" src=\"https:\/\/www.isabelroyan.com\/wp-content\/uploads\/2024\/04\/CIMA-logo-2022-1.jpg\" class=\"attachment-full size-full wp-image-858\" alt=\"\" srcset=\"https:\/\/www.isabelroyan.com\/wp-content\/uploads\/2024\/04\/CIMA-logo-2022-1.jpg 640w, https:\/\/www.isabelroyan.com\/wp-content\/uploads\/2024\/04\/CIMA-logo-2022-1-300x167.jpg 300w\" sizes=\"(max-width: 640px) 100vw, 640px\" \/>\t\t\t\t\t\t\t\t\t\t\t\t\t\t\t<\/div>\n\t\t\t\t<\/div>\n\t\t\t\t<\/div>\n\t\t<div class=\"elementor-element elementor-element-141f1c0 e-con-full e-flex e-con e-child\" data-id=\"141f1c0\" data-element_type=\"container\">\n\t\t\t\t<div class=\"elementor-element elementor-element-657dfdc elementor-widget__width-initial elementor-widget elementor-widget-image\" data-id=\"657dfdc\" data-element_type=\"widget\" data-widget_type=\"image.default\">\n\t\t\t\t<div class=\"elementor-widget-container\">\n\t\t\t\t\t\t\t\t\t\t\t\t\t\t\t<img loading=\"lazy\" decoding=\"async\" width=\"1765\" height=\"1765\" src=\"https:\/\/www.isabelroyan.com\/wp-content\/uploads\/2024\/04\/ALLIANCE_LOGO-1.jpeg\" class=\"attachment-full size-full wp-image-857\" alt=\"\" srcset=\"https:\/\/www.isabelroyan.com\/wp-content\/uploads\/2024\/04\/ALLIANCE_LOGO-1.jpeg 1765w, https:\/\/www.isabelroyan.com\/wp-content\/uploads\/2024\/04\/ALLIANCE_LOGO-1-300x300.jpeg 300w, https:\/\/www.isabelroyan.com\/wp-content\/uploads\/2024\/04\/ALLIANCE_LOGO-1-1024x1024.jpeg 1024w, https:\/\/www.isabelroyan.com\/wp-content\/uploads\/2024\/04\/ALLIANCE_LOGO-1-150x150.jpeg 150w, https:\/\/www.isabelroyan.com\/wp-content\/uploads\/2024\/04\/ALLIANCE_LOGO-1-768x768.jpeg 768w, https:\/\/www.isabelroyan.com\/wp-content\/uploads\/2024\/04\/ALLIANCE_LOGO-1-1536x1536.jpeg 1536w\" sizes=\"(max-width: 1765px) 100vw, 1765px\" \/>\t\t\t\t\t\t\t\t\t\t\t\t\t\t\t<\/div>\n\t\t\t\t<\/div>\n\t\t\t\t<\/div>\n\t\t<div class=\"elementor-element elementor-element-68eb7d0 e-con-full e-flex e-con e-child\" data-id=\"68eb7d0\" data-element_type=\"container\">\n\t\t\t\t<div class=\"elementor-element elementor-element-e8d0a99 elementor-widget elementor-widget-image\" data-id=\"e8d0a99\" data-element_type=\"widget\" data-widget_type=\"image.default\">\n\t\t\t\t<div class=\"elementor-widget-container\">\n\t\t\t\t\t\t\t\t\t\t\t\t\t\t\t<img loading=\"lazy\" decoding=\"async\" width=\"454\" height=\"340\" src=\"https:\/\/www.isabelroyan.com\/wp-content\/uploads\/2024\/04\/logo-ACIM-1.png\" class=\"attachment-full size-full wp-image-856\" alt=\"\" srcset=\"https:\/\/www.isabelroyan.com\/wp-content\/uploads\/2024\/04\/logo-ACIM-1.png 454w, https:\/\/www.isabelroyan.com\/wp-content\/uploads\/2024\/04\/logo-ACIM-1-300x225.png 300w\" sizes=\"(max-width: 454px) 100vw, 454px\" \/>\t\t\t\t\t\t\t\t\t\t\t\t\t\t\t<\/div>\n\t\t\t\t<\/div>\n\t\t\t\t<\/div>\n\t\t\t\t\t<\/div>\n\t\t\t\t<\/div>\n\t\t\t\t<\/div>","protected":false},"excerpt":{"rendered":"<p>Compositora, orquestadora y artista sonora especializada en m\u00fasica para cine, m\u00fasica de concierto y para videojuegos y multimedia, en su producci\u00f3n musical se incluyen bandas sonoras para largometrajes de ficci\u00f3n, documentales, series, cortometrajes y videojuegos, adem\u00e1s de m\u00fasica para otros formatos como ballets, teatro, publicidad, libros, artes pl\u00e1sticas o video arte. Asimismo, en su repertorio [&hellip;]<\/p>","protected":false},"author":1,"featured_media":0,"parent":0,"menu_order":0,"comment_status":"closed","ping_status":"closed","template":"elementor_header_footer","meta":{"_acf_changed":false,"footnotes":""},"class_list":["post-222","page","type-page","status-publish","hentry"],"acf":[],"yoast_head":"<!-- This site is optimized with the Yoast SEO plugin v24.6 - https:\/\/yoast.com\/wordpress\/plugins\/seo\/ -->\n<title>Biograf\u00eda | Isabel Roy\u00e1n<\/title>\n<meta name=\"description\" content=\"Biograf\u00eda de Isabel Roy\u00e1n: Compositora, orquestadora y artista sonora especializada en m\u00fasica para cine, conciertos y multimedia.\" \/>\n<meta name=\"robots\" content=\"index, follow, max-snippet:-1, max-image-preview:large, max-video-preview:-1\" \/>\n<link rel=\"canonical\" href=\"https:\/\/www.isabelroyan.com\/eng\/bio\/\" \/>\n<meta property=\"og:locale\" content=\"en_GB\" \/>\n<meta property=\"og:type\" content=\"article\" \/>\n<meta property=\"og:title\" content=\"Biograf\u00eda | Isabel Roy\u00e1n\" \/>\n<meta property=\"og:description\" content=\"Biograf\u00eda de Isabel Roy\u00e1n: Compositora, orquestadora y artista sonora especializada en m\u00fasica para cine, conciertos y multimedia.\" \/>\n<meta property=\"og:url\" content=\"https:\/\/www.isabelroyan.com\/eng\/bio\/\" \/>\n<meta property=\"og:site_name\" content=\"Isabel Roy\u00e1n\" \/>\n<meta property=\"article:modified_time\" content=\"2025-05-01T12:52:49+00:00\" \/>\n<meta property=\"og:image\" content=\"https:\/\/www.isabelroyan.com\/wp-content\/uploads\/2024\/03\/foto-bio_IsabelRoyan_ImdB.png\" \/>\n<meta name=\"twitter:card\" content=\"summary_large_image\" \/>\n<meta name=\"twitter:label1\" content=\"Estimated reading time\" \/>\n\t<meta name=\"twitter:data1\" content=\"5 minutes\" \/>\n<script type=\"application\/ld+json\" class=\"yoast-schema-graph\">{\"@context\":\"https:\/\/schema.org\",\"@graph\":[{\"@type\":\"WebPage\",\"@id\":\"https:\/\/www.isabelroyan.com\/bio\/\",\"url\":\"https:\/\/www.isabelroyan.com\/bio\/\",\"name\":\"Biograf\u00eda | Isabel Roy\u00e1n\",\"isPartOf\":{\"@id\":\"https:\/\/www.isabelroyan.com\/#website\"},\"primaryImageOfPage\":{\"@id\":\"https:\/\/www.isabelroyan.com\/bio\/#primaryimage\"},\"image\":{\"@id\":\"https:\/\/www.isabelroyan.com\/bio\/#primaryimage\"},\"thumbnailUrl\":\"https:\/\/www.isabelroyan.com\/wp-content\/uploads\/2024\/03\/foto-bio_IsabelRoyan_ImdB.png\",\"datePublished\":\"2024-03-18T12:39:26+00:00\",\"dateModified\":\"2025-05-01T12:52:49+00:00\",\"description\":\"Biograf\u00eda de Isabel Roy\u00e1n: Compositora, orquestadora y artista sonora especializada en m\u00fasica para cine, conciertos y multimedia.\",\"breadcrumb\":{\"@id\":\"https:\/\/www.isabelroyan.com\/bio\/#breadcrumb\"},\"inLanguage\":\"en-GB\",\"potentialAction\":[{\"@type\":\"ReadAction\",\"target\":[\"https:\/\/www.isabelroyan.com\/bio\/\"]}]},{\"@type\":\"ImageObject\",\"inLanguage\":\"en-GB\",\"@id\":\"https:\/\/www.isabelroyan.com\/bio\/#primaryimage\",\"url\":\"https:\/\/www.isabelroyan.com\/wp-content\/uploads\/2024\/03\/foto-bio_IsabelRoyan_ImdB.png\",\"contentUrl\":\"https:\/\/www.isabelroyan.com\/wp-content\/uploads\/2024\/03\/foto-bio_IsabelRoyan_ImdB.png\"},{\"@type\":\"BreadcrumbList\",\"@id\":\"https:\/\/www.isabelroyan.com\/bio\/#breadcrumb\",\"itemListElement\":[{\"@type\":\"ListItem\",\"position\":1,\"name\":\"Portada\",\"item\":\"https:\/\/www.isabelroyan.com\/\"},{\"@type\":\"ListItem\",\"position\":2,\"name\":\"Bio\"}]},{\"@type\":\"WebSite\",\"@id\":\"https:\/\/www.isabelroyan.com\/#website\",\"url\":\"https:\/\/www.isabelroyan.com\/\",\"name\":\"Isabel Roy\u00e1n\",\"description\":\"\",\"potentialAction\":[{\"@type\":\"SearchAction\",\"target\":{\"@type\":\"EntryPoint\",\"urlTemplate\":\"https:\/\/www.isabelroyan.com\/?s={search_term_string}\"},\"query-input\":{\"@type\":\"PropertyValueSpecification\",\"valueRequired\":true,\"valueName\":\"search_term_string\"}}],\"inLanguage\":\"en-GB\"}]}<\/script>\n<!-- \/ Yoast SEO plugin. -->","yoast_head_json":{"title":"Biograf\u00eda | Isabel Roy\u00e1n","description":"Biograf\u00eda de Isabel Roy\u00e1n: Compositora, orquestadora y artista sonora especializada en m\u00fasica para cine, conciertos y multimedia.","robots":{"index":"index","follow":"follow","max-snippet":"max-snippet:-1","max-image-preview":"max-image-preview:large","max-video-preview":"max-video-preview:-1"},"canonical":"https:\/\/www.isabelroyan.com\/eng\/bio\/","og_locale":"en_GB","og_type":"article","og_title":"Biograf\u00eda | Isabel Roy\u00e1n","og_description":"Biograf\u00eda de Isabel Roy\u00e1n: Compositora, orquestadora y artista sonora especializada en m\u00fasica para cine, conciertos y multimedia.","og_url":"https:\/\/www.isabelroyan.com\/eng\/bio\/","og_site_name":"Isabel Roy\u00e1n","article_modified_time":"2025-05-01T12:52:49+00:00","og_image":[{"url":"https:\/\/www.isabelroyan.com\/wp-content\/uploads\/2024\/03\/foto-bio_IsabelRoyan_ImdB.png","type":"","width":"","height":""}],"twitter_card":"summary_large_image","twitter_misc":{"Estimated reading time":"5 minutes"},"schema":{"@context":"https:\/\/schema.org","@graph":[{"@type":"WebPage","@id":"https:\/\/www.isabelroyan.com\/bio\/","url":"https:\/\/www.isabelroyan.com\/bio\/","name":"Biograf\u00eda | Isabel Roy\u00e1n","isPartOf":{"@id":"https:\/\/www.isabelroyan.com\/#website"},"primaryImageOfPage":{"@id":"https:\/\/www.isabelroyan.com\/bio\/#primaryimage"},"image":{"@id":"https:\/\/www.isabelroyan.com\/bio\/#primaryimage"},"thumbnailUrl":"https:\/\/www.isabelroyan.com\/wp-content\/uploads\/2024\/03\/foto-bio_IsabelRoyan_ImdB.png","datePublished":"2024-03-18T12:39:26+00:00","dateModified":"2025-05-01T12:52:49+00:00","description":"Biograf\u00eda de Isabel Roy\u00e1n: Compositora, orquestadora y artista sonora especializada en m\u00fasica para cine, conciertos y multimedia.","breadcrumb":{"@id":"https:\/\/www.isabelroyan.com\/bio\/#breadcrumb"},"inLanguage":"en-GB","potentialAction":[{"@type":"ReadAction","target":["https:\/\/www.isabelroyan.com\/bio\/"]}]},{"@type":"ImageObject","inLanguage":"en-GB","@id":"https:\/\/www.isabelroyan.com\/bio\/#primaryimage","url":"https:\/\/www.isabelroyan.com\/wp-content\/uploads\/2024\/03\/foto-bio_IsabelRoyan_ImdB.png","contentUrl":"https:\/\/www.isabelroyan.com\/wp-content\/uploads\/2024\/03\/foto-bio_IsabelRoyan_ImdB.png"},{"@type":"BreadcrumbList","@id":"https:\/\/www.isabelroyan.com\/bio\/#breadcrumb","itemListElement":[{"@type":"ListItem","position":1,"name":"Portada","item":"https:\/\/www.isabelroyan.com\/"},{"@type":"ListItem","position":2,"name":"Bio"}]},{"@type":"WebSite","@id":"https:\/\/www.isabelroyan.com\/#website","url":"https:\/\/www.isabelroyan.com\/","name":"Isabel Roy\u00e1n","description":"","potentialAction":[{"@type":"SearchAction","target":{"@type":"EntryPoint","urlTemplate":"https:\/\/www.isabelroyan.com\/?s={search_term_string}"},"query-input":{"@type":"PropertyValueSpecification","valueRequired":true,"valueName":"search_term_string"}}],"inLanguage":"en-GB"}]}},"_links":{"self":[{"href":"https:\/\/www.isabelroyan.com\/eng\/wp-json\/wp\/v2\/pages\/222","targetHints":{"allow":["GET"]}}],"collection":[{"href":"https:\/\/www.isabelroyan.com\/eng\/wp-json\/wp\/v2\/pages"}],"about":[{"href":"https:\/\/www.isabelroyan.com\/eng\/wp-json\/wp\/v2\/types\/page"}],"author":[{"embeddable":true,"href":"https:\/\/www.isabelroyan.com\/eng\/wp-json\/wp\/v2\/users\/1"}],"replies":[{"embeddable":true,"href":"https:\/\/www.isabelroyan.com\/eng\/wp-json\/wp\/v2\/comments?post=222"}],"version-history":[{"count":0,"href":"https:\/\/www.isabelroyan.com\/eng\/wp-json\/wp\/v2\/pages\/222\/revisions"}],"wp:attachment":[{"href":"https:\/\/www.isabelroyan.com\/eng\/wp-json\/wp\/v2\/media?parent=222"}],"curies":[{"name":"wp","href":"https:\/\/api.w.org\/{rel}","templated":true}]}}