{"id":226,"date":"2024-03-18T12:40:03","date_gmt":"2024-03-18T12:40:03","guid":{"rendered":"https:\/\/elated-clarke.137-74-93-36.plesk.page\/?page_id=226"},"modified":"2024-07-24T07:45:05","modified_gmt":"2024-07-24T07:45:05","slug":"escuchar","status":"publish","type":"page","link":"https:\/\/www.isabelroyan.com\/eng\/escuchar\/","title":{"rendered":"Listen"},"content":{"rendered":"<div data-elementor-type=\"wp-page\" data-elementor-id=\"226\" class=\"elementor elementor-226\" data-elementor-post-type=\"page\">\n\t\t\t\t<div class=\"elementor-element elementor-element-bdbe677 e-flex e-con-boxed e-con e-parent\" data-id=\"bdbe677\" data-element_type=\"container\" data-settings=\"{&quot;background_background&quot;:&quot;classic&quot;}\">\n\t\t\t\t\t<div class=\"e-con-inner\">\n\t\t\t\t<div class=\"elementor-element elementor-element-a65d4ca elementor-widget elementor-widget-heading\" data-id=\"a65d4ca\" data-element_type=\"widget\" data-widget_type=\"heading.default\">\n\t\t\t\t<div class=\"elementor-widget-container\">\n\t\t\t\t\t<h2 class=\"elementor-heading-title elementor-size-default\">Listen<\/h2>\t\t\t\t<\/div>\n\t\t\t\t<\/div>\n\t\t\t\t<div class=\"elementor-element elementor-element-eab95ec elementor-widget elementor-widget-html\" data-id=\"eab95ec\" data-element_type=\"widget\" data-widget_type=\"html.default\">\n\t\t\t\t<div class=\"elementor-widget-container\">\n\t\t\t\t\t<iframe style=\"border-radius:12px\" src=\"https:\/\/open.spotify.com\/embed\/artist\/6Mews9xtnr9AG36MZ4fK0K?utm_source=generator\" width=\"100%\" height=\"780\" frameborder=\"0\" allowfullscreen=\"\" allow=\"autoplay; clipboard-write; encrypted-media; fullscreen; picture-in-picture\" loading=\"lazy\"><\/iframe>\t\t\t\t<\/div>\n\t\t\t\t<\/div>\n\t\t\t\t\t<\/div>\n\t\t\t\t<\/div>\n\t\t<div class=\"elementor-element elementor-element-c37dec9 e-flex e-con-boxed e-con e-parent\" data-id=\"c37dec9\" data-element_type=\"container\">\n\t\t\t\t\t<div class=\"e-con-inner\">\n\t\t<div class=\"elementor-element elementor-element-adb4f73 e-con-full cajascroll e-flex e-con e-child\" data-id=\"adb4f73\" data-element_type=\"container\" data-settings=\"{&quot;motion_fx_motion_fx_scrolling&quot;:&quot;yes&quot;,&quot;motion_fx_devices&quot;:[&quot;desktop&quot;,&quot;tablet&quot;,&quot;mobile&quot;]}\">\n\t\t<div class=\"elementor-element elementor-element-647ca83 e-flex e-con-boxed e-con e-child\" data-id=\"647ca83\" data-element_type=\"container\">\n\t\t\t\t\t<div class=\"e-con-inner\">\n\t\t\t\t<div class=\"elementor-element elementor-element-8516613 elementor-widget__width-initial elementor-widget elementor-widget-image\" data-id=\"8516613\" data-element_type=\"widget\" data-widget_type=\"image.default\">\n\t\t\t\t<div class=\"elementor-widget-container\">\n\t\t\t\t\t\t\t\t\t\t\t\t\t\t\t\t<a href=\"https:\/\/open.spotify.com\/intl-es\/artist\/6Mews9xtnr9AG36MZ4fK0K?si=ROq0OZO5QXex26PTexC_1Q\">\n\t\t\t\t\t\t\t<img fetchpriority=\"high\" decoding=\"async\" width=\"800\" height=\"800\" src=\"https:\/\/www.isabelroyan.com\/wp-content\/uploads\/2024\/06\/Spotify_logo_without_text.svg_.png\" class=\"attachment-full size-full wp-image-1383\" alt=\"\" srcset=\"https:\/\/www.isabelroyan.com\/wp-content\/uploads\/2024\/06\/Spotify_logo_without_text.svg_.png 800w, https:\/\/www.isabelroyan.com\/wp-content\/uploads\/2024\/06\/Spotify_logo_without_text.svg_-300x300.png 300w, https:\/\/www.isabelroyan.com\/wp-content\/uploads\/2024\/06\/Spotify_logo_without_text.svg_-150x150.png 150w, https:\/\/www.isabelroyan.com\/wp-content\/uploads\/2024\/06\/Spotify_logo_without_text.svg_-768x768.png 768w\" sizes=\"(max-width: 800px) 100vw, 800px\" \/>\t\t\t\t\t\t\t\t<\/a>\n\t\t\t\t\t\t\t\t\t\t\t\t\t\t\t<\/div>\n\t\t\t\t<\/div>\n\t\t\t\t<div class=\"elementor-element elementor-element-9d81e83 elementor-widget elementor-widget-heading\" data-id=\"9d81e83\" data-element_type=\"widget\" data-widget_type=\"heading.default\">\n\t\t\t\t<div class=\"elementor-widget-container\">\n\t\t\t\t\t<h2 class=\"elementor-heading-title elementor-size-default\"><a href=\"https:\/\/open.spotify.com\/intl-es\/artist\/6Mews9xtnr9AG36MZ4fK0K?si=ROq0OZO5QXex26PTexC_1Q\">Listen<\/a><\/h2>\t\t\t\t<\/div>\n\t\t\t\t<\/div>\n\t\t\t\t\t<\/div>\n\t\t\t\t<\/div>\n\t\t<div class=\"elementor-element elementor-element-2e7ef2b e-flex e-con-boxed e-con e-child\" data-id=\"2e7ef2b\" data-element_type=\"container\">\n\t\t\t\t\t<div class=\"e-con-inner\">\n\t\t\t\t<div class=\"elementor-element elementor-element-88fc231 elementor-widget__width-initial elementor-widget elementor-widget-image\" data-id=\"88fc231\" data-element_type=\"widget\" data-widget_type=\"image.default\">\n\t\t\t\t<div class=\"elementor-widget-container\">\n\t\t\t\t\t\t\t\t\t\t\t\t\t\t\t\t<a href=\"https:\/\/music.apple.com\/es\/artist\/isabel-roy%C3%A1n\/1478166327\">\n\t\t\t\t\t\t\t<img decoding=\"async\" width=\"2048\" height=\"2048\" src=\"https:\/\/www.isabelroyan.com\/wp-content\/uploads\/2024\/06\/Apple_Music_icon.svg_.png\" class=\"attachment-full size-full wp-image-1379\" alt=\"\" srcset=\"https:\/\/www.isabelroyan.com\/wp-content\/uploads\/2024\/06\/Apple_Music_icon.svg_.png 2048w, https:\/\/www.isabelroyan.com\/wp-content\/uploads\/2024\/06\/Apple_Music_icon.svg_-300x300.png 300w, https:\/\/www.isabelroyan.com\/wp-content\/uploads\/2024\/06\/Apple_Music_icon.svg_-1024x1024.png 1024w, https:\/\/www.isabelroyan.com\/wp-content\/uploads\/2024\/06\/Apple_Music_icon.svg_-150x150.png 150w, https:\/\/www.isabelroyan.com\/wp-content\/uploads\/2024\/06\/Apple_Music_icon.svg_-768x768.png 768w, https:\/\/www.isabelroyan.com\/wp-content\/uploads\/2024\/06\/Apple_Music_icon.svg_-1536x1536.png 1536w\" sizes=\"(max-width: 2048px) 100vw, 2048px\" \/>\t\t\t\t\t\t\t\t<\/a>\n\t\t\t\t\t\t\t\t\t\t\t\t\t\t\t<\/div>\n\t\t\t\t<\/div>\n\t\t\t\t<div class=\"elementor-element elementor-element-113b780 elementor-widget elementor-widget-heading\" data-id=\"113b780\" data-element_type=\"widget\" data-widget_type=\"heading.default\">\n\t\t\t\t<div class=\"elementor-widget-container\">\n\t\t\t\t\t<h2 class=\"elementor-heading-title elementor-size-default\"><a href=\"https:\/\/music.apple.com\/es\/artist\/isabel-roy%C3%A1n\/1478166327\">Listen<\/a><\/h2>\t\t\t\t<\/div>\n\t\t\t\t<\/div>\n\t\t\t\t\t<\/div>\n\t\t\t\t<\/div>\n\t\t<div class=\"elementor-element elementor-element-8ee8fe3 e-flex e-con-boxed e-con e-child\" data-id=\"8ee8fe3\" data-element_type=\"container\">\n\t\t\t\t\t<div class=\"e-con-inner\">\n\t\t\t\t<div class=\"elementor-element elementor-element-4a6dc55 elementor-widget__width-initial elementor-widget elementor-widget-image\" data-id=\"4a6dc55\" data-element_type=\"widget\" data-widget_type=\"image.default\">\n\t\t\t\t<div class=\"elementor-widget-container\">\n\t\t\t\t\t\t\t\t\t\t\t\t\t\t\t\t<a href=\"https:\/\/deezer.page.link\/GhVKET6n5J1zWPJ46\">\n\t\t\t\t\t\t\t<img decoding=\"async\" width=\"256\" height=\"300\" src=\"https:\/\/www.isabelroyan.com\/wp-content\/uploads\/2024\/06\/deezer-logo-6D533497BE-seeklogo.com_.png\" class=\"attachment-full size-full wp-image-1381\" alt=\"\" \/>\t\t\t\t\t\t\t\t<\/a>\n\t\t\t\t\t\t\t\t\t\t\t\t\t\t\t<\/div>\n\t\t\t\t<\/div>\n\t\t\t\t<div class=\"elementor-element elementor-element-156e440 elementor-widget elementor-widget-heading\" data-id=\"156e440\" data-element_type=\"widget\" data-widget_type=\"heading.default\">\n\t\t\t\t<div class=\"elementor-widget-container\">\n\t\t\t\t\t<h2 class=\"elementor-heading-title elementor-size-default\"><a href=\"https:\/\/deezer.page.link\/GhVKET6n5J1zWPJ46\">Listen<\/a><\/h2>\t\t\t\t<\/div>\n\t\t\t\t<\/div>\n\t\t\t\t\t<\/div>\n\t\t\t\t<\/div>\n\t\t<div class=\"elementor-element elementor-element-00a7a9d e-flex e-con-boxed e-con e-child\" data-id=\"00a7a9d\" data-element_type=\"container\">\n\t\t\t\t\t<div class=\"e-con-inner\">\n\t\t\t\t<div class=\"elementor-element elementor-element-92296df elementor-widget__width-initial elementor-widget elementor-widget-image\" data-id=\"92296df\" data-element_type=\"widget\" data-widget_type=\"image.default\">\n\t\t\t\t<div class=\"elementor-widget-container\">\n\t\t\t\t\t\t\t\t\t\t\t\t\t\t\t\t<a href=\"https:\/\/music.youtube.com\/channel\/UCMFE7QXcu_suDeFWs62xT_Q?si=WlgPeYwtEg_CW6-l\">\n\t\t\t\t\t\t\t<img loading=\"lazy\" decoding=\"async\" width=\"300\" height=\"300\" src=\"https:\/\/www.isabelroyan.com\/wp-content\/uploads\/2024\/06\/YouTubeMusic_Logo.png\" class=\"attachment-full size-full wp-image-1386\" alt=\"\" srcset=\"https:\/\/www.isabelroyan.com\/wp-content\/uploads\/2024\/06\/YouTubeMusic_Logo.png 300w, https:\/\/www.isabelroyan.com\/wp-content\/uploads\/2024\/06\/YouTubeMusic_Logo-150x150.png 150w\" sizes=\"(max-width: 300px) 100vw, 300px\" \/>\t\t\t\t\t\t\t\t<\/a>\n\t\t\t\t\t\t\t\t\t\t\t\t\t\t\t<\/div>\n\t\t\t\t<\/div>\n\t\t\t\t<div class=\"elementor-element elementor-element-841f33c elementor-widget elementor-widget-heading\" data-id=\"841f33c\" data-element_type=\"widget\" data-widget_type=\"heading.default\">\n\t\t\t\t<div class=\"elementor-widget-container\">\n\t\t\t\t\t<h2 class=\"elementor-heading-title elementor-size-default\"><a href=\"https:\/\/music.youtube.com\/channel\/UCMFE7QXcu_suDeFWs62xT_Q?si=WlgPeYwtEg_CW6-l\">Listen<\/a><\/h2>\t\t\t\t<\/div>\n\t\t\t\t<\/div>\n\t\t\t\t\t<\/div>\n\t\t\t\t<\/div>\n\t\t\t\t<\/div>\n\t\t<div class=\"elementor-element elementor-element-996336d e-con-full cajascroll e-flex e-con e-child\" data-id=\"996336d\" data-element_type=\"container\" data-settings=\"{&quot;motion_fx_motion_fx_scrolling&quot;:&quot;yes&quot;,&quot;motion_fx_devices&quot;:[&quot;desktop&quot;,&quot;tablet&quot;,&quot;mobile&quot;]}\">\n\t\t<div class=\"elementor-element elementor-element-6c6331d e-flex e-con-boxed e-con e-child\" data-id=\"6c6331d\" data-element_type=\"container\">\n\t\t\t\t\t<div class=\"e-con-inner\">\n\t\t\t\t<div class=\"elementor-element elementor-element-f277fd7 elementor-widget__width-initial elementor-widget elementor-widget-image\" data-id=\"f277fd7\" data-element_type=\"widget\" data-widget_type=\"image.default\">\n\t\t\t\t<div class=\"elementor-widget-container\">\n\t\t\t\t\t\t\t\t\t\t\t\t\t\t\t\t<a href=\"https:\/\/www.youtube.com\/c\/IsabelRoy%C3%A1n\">\n\t\t\t\t\t\t\t<img loading=\"lazy\" decoding=\"async\" width=\"1025\" height=\"1024\" src=\"https:\/\/www.isabelroyan.com\/wp-content\/uploads\/2024\/06\/klipartz.com_.png\" class=\"attachment-full size-full wp-image-1400\" alt=\"\" srcset=\"https:\/\/www.isabelroyan.com\/wp-content\/uploads\/2024\/06\/klipartz.com_.png 1025w, https:\/\/www.isabelroyan.com\/wp-content\/uploads\/2024\/06\/klipartz.com_-300x300.png 300w, https:\/\/www.isabelroyan.com\/wp-content\/uploads\/2024\/06\/klipartz.com_-150x150.png 150w, https:\/\/www.isabelroyan.com\/wp-content\/uploads\/2024\/06\/klipartz.com_-768x767.png 768w\" sizes=\"(max-width: 1025px) 100vw, 1025px\" \/>\t\t\t\t\t\t\t\t<\/a>\n\t\t\t\t\t\t\t\t\t\t\t\t\t\t\t<\/div>\n\t\t\t\t<\/div>\n\t\t\t\t<div class=\"elementor-element elementor-element-5696caa elementor-widget elementor-widget-heading\" data-id=\"5696caa\" data-element_type=\"widget\" data-widget_type=\"heading.default\">\n\t\t\t\t<div class=\"elementor-widget-container\">\n\t\t\t\t\t<h2 class=\"elementor-heading-title elementor-size-default\"><a href=\"https:\/\/www.youtube.com\/c\/IsabelRoy%C3%A1n\">Listen<\/a><\/h2>\t\t\t\t<\/div>\n\t\t\t\t<\/div>\n\t\t\t\t\t<\/div>\n\t\t\t\t<\/div>\n\t\t<div class=\"elementor-element elementor-element-5ea72ae e-flex e-con-boxed e-con e-child\" data-id=\"5ea72ae\" data-element_type=\"container\">\n\t\t\t\t\t<div class=\"e-con-inner\">\n\t\t\t\t<div class=\"elementor-element elementor-element-7a55be6 elementor-widget__width-initial elementor-widget elementor-widget-image\" data-id=\"7a55be6\" data-element_type=\"widget\" data-widget_type=\"image.default\">\n\t\t\t\t<div class=\"elementor-widget-container\">\n\t\t\t\t\t\t\t\t\t\t\t\t\t\t\t\t<a href=\"https:\/\/www.boomplay.com\/artists\/88357800?from=&#038;srModel=COPYLINK&#038;srList=WEB\">\n\t\t\t\t\t\t\t<img loading=\"lazy\" decoding=\"async\" width=\"1191\" height=\"595\" src=\"https:\/\/www.isabelroyan.com\/wp-content\/uploads\/2024\/06\/a6.png\" class=\"attachment-full size-full wp-image-1584\" alt=\"\" srcset=\"https:\/\/www.isabelroyan.com\/wp-content\/uploads\/2024\/06\/a6.png 1191w, https:\/\/www.isabelroyan.com\/wp-content\/uploads\/2024\/06\/a6-300x150.png 300w, https:\/\/www.isabelroyan.com\/wp-content\/uploads\/2024\/06\/a6-1024x512.png 1024w, https:\/\/www.isabelroyan.com\/wp-content\/uploads\/2024\/06\/a6-768x384.png 768w\" sizes=\"(max-width: 1191px) 100vw, 1191px\" \/>\t\t\t\t\t\t\t\t<\/a>\n\t\t\t\t\t\t\t\t\t\t\t\t\t\t\t<\/div>\n\t\t\t\t<\/div>\n\t\t\t\t<div class=\"elementor-element elementor-element-8bcd1bd elementor-widget elementor-widget-heading\" data-id=\"8bcd1bd\" data-element_type=\"widget\" data-widget_type=\"heading.default\">\n\t\t\t\t<div class=\"elementor-widget-container\">\n\t\t\t\t\t<h2 class=\"elementor-heading-title elementor-size-default\"><a href=\"https:\/\/www.boomplay.com\/artists\/88357800?from=&#038;srModel=COPYLINK&#038;srList=WEB\">Broadcast<\/a><\/h2>\t\t\t\t<\/div>\n\t\t\t\t<\/div>\n\t\t\t\t\t<\/div>\n\t\t\t\t<\/div>\n\t\t<div class=\"elementor-element elementor-element-67a3bce e-flex e-con-boxed e-con e-child\" data-id=\"67a3bce\" data-element_type=\"container\">\n\t\t\t\t\t<div class=\"e-con-inner\">\n\t\t\t\t<div class=\"elementor-element elementor-element-3d15bdf elementor-widget__width-initial elementor-widget elementor-widget-image\" data-id=\"3d15bdf\" data-element_type=\"widget\" data-widget_type=\"image.default\">\n\t\t\t\t<div class=\"elementor-widget-container\">\n\t\t\t\t\t\t\t\t\t\t\t\t\t\t\t\t<a href=\"https:\/\/kkbox.fm\/Cp1VFS\">\n\t\t\t\t\t\t\t<img loading=\"lazy\" decoding=\"async\" width=\"1024\" height=\"214\" src=\"https:\/\/www.isabelroyan.com\/wp-content\/uploads\/2024\/06\/KKBOX_logo.svg_.png\" class=\"attachment-full size-full wp-image-1382\" alt=\"\" srcset=\"https:\/\/www.isabelroyan.com\/wp-content\/uploads\/2024\/06\/KKBOX_logo.svg_.png 1024w, https:\/\/www.isabelroyan.com\/wp-content\/uploads\/2024\/06\/KKBOX_logo.svg_-300x63.png 300w, https:\/\/www.isabelroyan.com\/wp-content\/uploads\/2024\/06\/KKBOX_logo.svg_-768x161.png 768w\" sizes=\"(max-width: 1024px) 100vw, 1024px\" \/>\t\t\t\t\t\t\t\t<\/a>\n\t\t\t\t\t\t\t\t\t\t\t\t\t\t\t<\/div>\n\t\t\t\t<\/div>\n\t\t\t\t<div class=\"elementor-element elementor-element-50ae19b elementor-widget elementor-widget-heading\" data-id=\"50ae19b\" data-element_type=\"widget\" data-widget_type=\"heading.default\">\n\t\t\t\t<div class=\"elementor-widget-container\">\n\t\t\t\t\t<h2 class=\"elementor-heading-title elementor-size-default\"><a href=\"https:\/\/kkbox.fm\/Cp1VFS\">Listen<\/a><\/h2>\t\t\t\t<\/div>\n\t\t\t\t<\/div>\n\t\t\t\t\t<\/div>\n\t\t\t\t<\/div>\n\t\t\t\t<\/div>\n\t\t\t\t\t<\/div>\n\t\t\t\t<\/div>\n\t\t\t\t<\/div>","protected":false},"excerpt":{"rendered":"<p>Escuchar Escuchar Escuchar Escuchar Escuchar Escuchar Transmitir Escuchar<\/p>","protected":false},"author":1,"featured_media":0,"parent":0,"menu_order":0,"comment_status":"closed","ping_status":"closed","template":"elementor_header_footer","meta":{"_acf_changed":false,"footnotes":""},"class_list":["post-226","page","type-page","status-publish","hentry"],"acf":[],"yoast_head":"<!-- This site is optimized with the Yoast SEO plugin v24.6 - https:\/\/yoast.com\/wordpress\/plugins\/seo\/ -->\n<title>Escuchar | Isabel Roy\u00e1n<\/title>\n<meta name=\"description\" content=\"Sum\u00e9rgete en el mundo sonoro de Isabel Roy\u00e1n y disfruta de la experiencia de escuchar sus composiciones y bandas sonoras.\" \/>\n<meta name=\"robots\" content=\"index, follow, max-snippet:-1, max-image-preview:large, max-video-preview:-1\" \/>\n<link rel=\"canonical\" href=\"https:\/\/www.isabelroyan.com\/eng\/escuchar\/\" \/>\n<meta property=\"og:locale\" content=\"en_GB\" \/>\n<meta property=\"og:type\" content=\"article\" \/>\n<meta property=\"og:title\" content=\"Escuchar | Isabel Roy\u00e1n\" \/>\n<meta property=\"og:description\" content=\"Sum\u00e9rgete en el mundo sonoro de Isabel Roy\u00e1n y disfruta de la experiencia de escuchar sus composiciones y bandas sonoras.\" \/>\n<meta property=\"og:url\" content=\"https:\/\/www.isabelroyan.com\/eng\/escuchar\/\" \/>\n<meta property=\"og:site_name\" content=\"Isabel Roy\u00e1n\" \/>\n<meta property=\"article:modified_time\" content=\"2024-07-24T07:45:05+00:00\" \/>\n<meta property=\"og:image\" content=\"https:\/\/www.isabelroyan.com\/wp-content\/uploads\/2024\/06\/Spotify_logo_without_text.svg_.png\" \/>\n<meta name=\"twitter:card\" content=\"summary_large_image\" \/>\n<meta name=\"twitter:label1\" content=\"Estimated reading time\" \/>\n\t<meta name=\"twitter:data1\" content=\"2 minutes\" \/>\n<script type=\"application\/ld+json\" class=\"yoast-schema-graph\">{\"@context\":\"https:\/\/schema.org\",\"@graph\":[{\"@type\":\"WebPage\",\"@id\":\"https:\/\/www.isabelroyan.com\/escuchar\/\",\"url\":\"https:\/\/www.isabelroyan.com\/escuchar\/\",\"name\":\"Escuchar | Isabel Roy\u00e1n\",\"isPartOf\":{\"@id\":\"https:\/\/www.isabelroyan.com\/#website\"},\"primaryImageOfPage\":{\"@id\":\"https:\/\/www.isabelroyan.com\/escuchar\/#primaryimage\"},\"image\":{\"@id\":\"https:\/\/www.isabelroyan.com\/escuchar\/#primaryimage\"},\"thumbnailUrl\":\"https:\/\/www.isabelroyan.com\/wp-content\/uploads\/2024\/06\/Spotify_logo_without_text.svg_.png\",\"datePublished\":\"2024-03-18T12:40:03+00:00\",\"dateModified\":\"2024-07-24T07:45:05+00:00\",\"description\":\"Sum\u00e9rgete en el mundo sonoro de Isabel Roy\u00e1n y disfruta de la experiencia de escuchar sus composiciones y bandas sonoras.\",\"breadcrumb\":{\"@id\":\"https:\/\/www.isabelroyan.com\/escuchar\/#breadcrumb\"},\"inLanguage\":\"en-GB\",\"potentialAction\":[{\"@type\":\"ReadAction\",\"target\":[\"https:\/\/www.isabelroyan.com\/escuchar\/\"]}]},{\"@type\":\"ImageObject\",\"inLanguage\":\"en-GB\",\"@id\":\"https:\/\/www.isabelroyan.com\/escuchar\/#primaryimage\",\"url\":\"https:\/\/www.isabelroyan.com\/wp-content\/uploads\/2024\/06\/Spotify_logo_without_text.svg_.png\",\"contentUrl\":\"https:\/\/www.isabelroyan.com\/wp-content\/uploads\/2024\/06\/Spotify_logo_without_text.svg_.png\"},{\"@type\":\"BreadcrumbList\",\"@id\":\"https:\/\/www.isabelroyan.com\/escuchar\/#breadcrumb\",\"itemListElement\":[{\"@type\":\"ListItem\",\"position\":1,\"name\":\"Portada\",\"item\":\"https:\/\/www.isabelroyan.com\/\"},{\"@type\":\"ListItem\",\"position\":2,\"name\":\"Escuchar\"}]},{\"@type\":\"WebSite\",\"@id\":\"https:\/\/www.isabelroyan.com\/#website\",\"url\":\"https:\/\/www.isabelroyan.com\/\",\"name\":\"Isabel Roy\u00e1n\",\"description\":\"\",\"potentialAction\":[{\"@type\":\"SearchAction\",\"target\":{\"@type\":\"EntryPoint\",\"urlTemplate\":\"https:\/\/www.isabelroyan.com\/?s={search_term_string}\"},\"query-input\":{\"@type\":\"PropertyValueSpecification\",\"valueRequired\":true,\"valueName\":\"search_term_string\"}}],\"inLanguage\":\"en-GB\"}]}<\/script>\n<!-- \/ Yoast SEO plugin. -->","yoast_head_json":{"title":"Escuchar | Isabel Roy\u00e1n","description":"Sum\u00e9rgete en el mundo sonoro de Isabel Roy\u00e1n y disfruta de la experiencia de escuchar sus composiciones y bandas sonoras.","robots":{"index":"index","follow":"follow","max-snippet":"max-snippet:-1","max-image-preview":"max-image-preview:large","max-video-preview":"max-video-preview:-1"},"canonical":"https:\/\/www.isabelroyan.com\/eng\/escuchar\/","og_locale":"en_GB","og_type":"article","og_title":"Escuchar | Isabel Roy\u00e1n","og_description":"Sum\u00e9rgete en el mundo sonoro de Isabel Roy\u00e1n y disfruta de la experiencia de escuchar sus composiciones y bandas sonoras.","og_url":"https:\/\/www.isabelroyan.com\/eng\/escuchar\/","og_site_name":"Isabel Roy\u00e1n","article_modified_time":"2024-07-24T07:45:05+00:00","og_image":[{"url":"https:\/\/www.isabelroyan.com\/wp-content\/uploads\/2024\/06\/Spotify_logo_without_text.svg_.png","type":"","width":"","height":""}],"twitter_card":"summary_large_image","twitter_misc":{"Estimated reading time":"2 minutes"},"schema":{"@context":"https:\/\/schema.org","@graph":[{"@type":"WebPage","@id":"https:\/\/www.isabelroyan.com\/escuchar\/","url":"https:\/\/www.isabelroyan.com\/escuchar\/","name":"Escuchar | Isabel Roy\u00e1n","isPartOf":{"@id":"https:\/\/www.isabelroyan.com\/#website"},"primaryImageOfPage":{"@id":"https:\/\/www.isabelroyan.com\/escuchar\/#primaryimage"},"image":{"@id":"https:\/\/www.isabelroyan.com\/escuchar\/#primaryimage"},"thumbnailUrl":"https:\/\/www.isabelroyan.com\/wp-content\/uploads\/2024\/06\/Spotify_logo_without_text.svg_.png","datePublished":"2024-03-18T12:40:03+00:00","dateModified":"2024-07-24T07:45:05+00:00","description":"Sum\u00e9rgete en el mundo sonoro de Isabel Roy\u00e1n y disfruta de la experiencia de escuchar sus composiciones y bandas sonoras.","breadcrumb":{"@id":"https:\/\/www.isabelroyan.com\/escuchar\/#breadcrumb"},"inLanguage":"en-GB","potentialAction":[{"@type":"ReadAction","target":["https:\/\/www.isabelroyan.com\/escuchar\/"]}]},{"@type":"ImageObject","inLanguage":"en-GB","@id":"https:\/\/www.isabelroyan.com\/escuchar\/#primaryimage","url":"https:\/\/www.isabelroyan.com\/wp-content\/uploads\/2024\/06\/Spotify_logo_without_text.svg_.png","contentUrl":"https:\/\/www.isabelroyan.com\/wp-content\/uploads\/2024\/06\/Spotify_logo_without_text.svg_.png"},{"@type":"BreadcrumbList","@id":"https:\/\/www.isabelroyan.com\/escuchar\/#breadcrumb","itemListElement":[{"@type":"ListItem","position":1,"name":"Portada","item":"https:\/\/www.isabelroyan.com\/"},{"@type":"ListItem","position":2,"name":"Escuchar"}]},{"@type":"WebSite","@id":"https:\/\/www.isabelroyan.com\/#website","url":"https:\/\/www.isabelroyan.com\/","name":"Isabel Roy\u00e1n","description":"","potentialAction":[{"@type":"SearchAction","target":{"@type":"EntryPoint","urlTemplate":"https:\/\/www.isabelroyan.com\/?s={search_term_string}"},"query-input":{"@type":"PropertyValueSpecification","valueRequired":true,"valueName":"search_term_string"}}],"inLanguage":"en-GB"}]}},"_links":{"self":[{"href":"https:\/\/www.isabelroyan.com\/eng\/wp-json\/wp\/v2\/pages\/226","targetHints":{"allow":["GET"]}}],"collection":[{"href":"https:\/\/www.isabelroyan.com\/eng\/wp-json\/wp\/v2\/pages"}],"about":[{"href":"https:\/\/www.isabelroyan.com\/eng\/wp-json\/wp\/v2\/types\/page"}],"author":[{"embeddable":true,"href":"https:\/\/www.isabelroyan.com\/eng\/wp-json\/wp\/v2\/users\/1"}],"replies":[{"embeddable":true,"href":"https:\/\/www.isabelroyan.com\/eng\/wp-json\/wp\/v2\/comments?post=226"}],"version-history":[{"count":0,"href":"https:\/\/www.isabelroyan.com\/eng\/wp-json\/wp\/v2\/pages\/226\/revisions"}],"wp:attachment":[{"href":"https:\/\/www.isabelroyan.com\/eng\/wp-json\/wp\/v2\/media?parent=226"}],"curies":[{"name":"wp","href":"https:\/\/api.w.org\/{rel}","templated":true}]}}